{"id":4376,"date":"2026-03-18T07:46:21","date_gmt":"2026-03-18T07:46:21","guid":{"rendered":"https:\/\/set.am\/?post_type=product&#038;p=4376"},"modified":"2026-03-18T11:59:50","modified_gmt":"2026-03-18T11:59:50","slug":"hiking","status":"publish","type":"product","link":"https:\/\/set.am\/de\/product\/hiking\/","title":{"rendered":"Wandern"},"content":{"rendered":"<p><\/p>\n<p class=\"Standard\"><span lang=\"DE\">Auf diesen Wanderungen werden Sie wilden V\u00f6geln wie Bartgeiern, welche sich auf dem felsigen Gel\u00e4nde sitzend um ihre Nester k\u00fcmmern, begegnen. Diese Wanderungen bringen Sie einer malerischen, unber\u00fchrten Landschaft n\u00e4her, welche nur wenige Menschen jemals betreten haben. W\u00e4hrend Sie einerseits mit uns diese wilde Landschaft entdecken, werden Sie ebenfalls einheimische Familien besuchen, die in traditionellen H\u00e4usern in den Bergen leben und werden dort ein Picknick mit authentischem armenischem Essen genie\u00dfen.<\/span><\/p>\n<p><strong>Schwierigkeitsgrad:<\/strong> mittel.<br \/>\n<strong>Wanderstrecke:<\/strong> 5 km<br \/>\n<strong>Gesch\u00e4tzte Wanderzeit:<\/strong> 4\u20135 Stunden.<\/p>\n<p><span class=\"image-placeholder video\" style=\"padding-bottom:56.25000000%\"><video controls class=\"video-js-el vjs-default-skin vjs-minimal-skin\" width=\"560\" height=\"315\" data-vsetup=\"{&quot;techOrder&quot;:[&quot;youtube&quot;],&quot;sources&quot;:[{&quot;type&quot;:&quot;video\\\/youtube&quot;,&quot;src&quot;:&quot;https:\\\/\\\/www.youtube.com\\\/watch?v=Qj1Kb3S5xmE&amp;t=2s&quot;}],&quot;youtube&quot;:{&quot;iv_load_policy&quot;:1,&quot;ytControls&quot;:3,&quot;customVars&quot;:{&quot;wmode&quot;:&quot;transparent&quot;,&quot;controls&quot;:0},&quot;enablePrivacyEnhancedMode&quot;:&quot;true&quot;}}\" preload=\"auto\" playsinline=\"playsinline\"><\/video><\/span><\/p>","protected":false},"excerpt":{"rendered":"<p>W\u00e4hrend der Wandertouren werden Sie tief in die abgelegenen Berge gef\u00fchrt, wo Sie in einer nat\u00fcrlichen Umgebung wundersch\u00f6ne Festungen, mittelalterliche Chatschkare (armenische Kreuzsteine) und andere antike Monumente inmitten seltener endemischer Pflanzen sehen.<\/p>\n","protected":false},"featured_media":4378,"template":"","meta":{"_acf_changed":false},"product_brand":[],"product_cat":[26],"product_tag":[],"class_list":{"0":"post-4376","1":"product","2":"type-product","3":"status-publish","4":"has-post-thumbnail","6":"product_cat-uncategorized","8":"first","9":"instock","10":"virtual","11":"sold-individually","12":"purchasable","13":"product-type-booking","15":"catalog-layout-default","16":"columns-xs-2"},"acf":[],"yoast_head":"<!-- This site is optimized with the Yoast SEO plugin v27.1.1 - https:\/\/yoast.com\/product\/yoast-seo-wordpress\/ -->\n<title>Wandern - SET<\/title>\n<meta name=\"robots\" content=\"index, follow, max-snippet:-1, max-image-preview:large, max-video-preview:-1\" \/>\n<link rel=\"canonical\" href=\"https:\/\/set.am\/de\/product\/hiking\/\" \/>\n<meta property=\"og:locale\" content=\"de_DE\" \/>\n<meta property=\"og:type\" content=\"article\" \/>\n<meta property=\"og:title\" content=\"Wandern - SET\" \/>\n<meta property=\"og:description\" content=\"W\u00e4hrend der Wandertouren werden Sie tief in die abgelegenen Berge gef\u00fchrt, wo Sie in einer nat\u00fcrlichen Umgebung wundersch\u00f6ne Festungen, mittelalterliche Chatschkare (armenische Kreuzsteine) und andere antike Monumente inmitten seltener endemischer Pflanzen sehen.\" \/>\n<meta property=\"og:url\" content=\"https:\/\/set.am\/de\/product\/hiking\/\" \/>\n<meta property=\"og:site_name\" content=\"SET\" \/>\n<meta property=\"article:publisher\" content=\"https:\/\/www.facebook.com\/SET.SunChild.EcoTours\" \/>\n<meta property=\"article:modified_time\" content=\"2026-03-18T11:59:50+00:00\" \/>\n<meta property=\"og:image\" content=\"https:\/\/set.am\/wp-content\/uploads\/2026\/03\/foot_featimage.jpg\" \/>\n\t<meta property=\"og:image:width\" content=\"800\" \/>\n\t<meta property=\"og:image:height\" content=\"533\" \/>\n\t<meta property=\"og:image:type\" content=\"image\/jpeg\" \/>\n<meta name=\"twitter:card\" content=\"summary_large_image\" \/>\n<meta name=\"twitter:label1\" content=\"Gesch\u00e4tzte Lesezeit\" \/>\n\t<meta name=\"twitter:data1\" content=\"1\u00a0Minute\" \/>\n<script type=\"application\/ld+json\" class=\"yoast-schema-graph\">{\"@context\":\"https:\/\/schema.org\",\"@graph\":[{\"@type\":\"WebPage\",\"@id\":\"https:\/\/set.am\/de\/product\/hiking\/\",\"url\":\"https:\/\/set.am\/de\/product\/hiking\/\",\"name\":\"Wandern - SET\",\"isPartOf\":{\"@id\":\"https:\/\/set.am\/de\/#website\"},\"primaryImageOfPage\":{\"@id\":\"https:\/\/set.am\/de\/product\/hiking\/#primaryimage\"},\"image\":{\"@id\":\"https:\/\/set.am\/de\/product\/hiking\/#primaryimage\"},\"thumbnailUrl\":\"https:\/\/set.am\/wp-content\/uploads\/2026\/03\/foot_featimage.jpg\",\"datePublished\":\"2026-03-18T07:46:21+00:00\",\"dateModified\":\"2026-03-18T11:59:50+00:00\",\"breadcrumb\":{\"@id\":\"https:\/\/set.am\/de\/product\/hiking\/#breadcrumb\"},\"inLanguage\":\"de\",\"potentialAction\":[{\"@type\":\"ReadAction\",\"target\":[[\"https:\/\/set.am\/de\/product\/hiking\/\"]]}]},{\"@type\":\"ImageObject\",\"inLanguage\":\"de\",\"@id\":\"https:\/\/set.am\/de\/product\/hiking\/#primaryimage\",\"url\":\"https:\/\/set.am\/wp-content\/uploads\/2026\/03\/foot_featimage.jpg\",\"contentUrl\":\"https:\/\/set.am\/wp-content\/uploads\/2026\/03\/foot_featimage.jpg\",\"width\":800,\"height\":533},{\"@type\":\"BreadcrumbList\",\"@id\":\"https:\/\/set.am\/de\/product\/hiking\/#breadcrumb\",\"itemListElement\":[{\"@type\":\"ListItem\",\"position\":1,\"name\":\"\u0413\u043b\u0430\u0432\u043d\u0430\u044f \u0441\u0442\u0440\u0430\u043d\u0438\u0446\u0430\",\"item\":\"https:\/\/set.am\/de\/\"},{\"@type\":\"ListItem\",\"position\":2,\"name\":\"Shop\",\"item\":\"https:\/\/set.am\/de\/shop\/\"},{\"@type\":\"ListItem\",\"position\":3,\"name\":\"Hiking\"}]},{\"@type\":\"WebSite\",\"@id\":\"https:\/\/set.am\/de\/#website\",\"url\":\"https:\/\/set.am\/de\/\",\"name\":\"SET\",\"description\":\"SunChild Eco tours\",\"publisher\":{\"@id\":\"https:\/\/set.am\/de\/#organization\"},\"potentialAction\":[{\"@type\":\"SearchAction\",\"target\":{\"@type\":\"EntryPoint\",\"urlTemplate\":\"https:\/\/set.am\/de\/?s={search_term_string}\"},\"query-input\":{\"@type\":\"PropertyValueSpecification\",\"valueRequired\":true,\"valueName\":\"search_term_string\"}}],\"inLanguage\":\"de\"},{\"@type\":\"Organization\",\"@id\":\"https:\/\/set.am\/de\/#organization\",\"name\":\"SET\",\"url\":\"https:\/\/set.am\/de\/\",\"logo\":{\"@type\":\"ImageObject\",\"inLanguage\":\"de\",\"@id\":\"https:\/\/set.am\/de\/#\/schema\/logo\/image\/\",\"url\":\"https:\/\/set.am\/wp-content\/uploads\/2025\/04\/set.webp\",\"contentUrl\":\"https:\/\/set.am\/wp-content\/uploads\/2025\/04\/set.webp\",\"width\":220,\"height\":181,\"caption\":\"SET\"},\"image\":{\"@id\":\"https:\/\/set.am\/de\/#\/schema\/logo\/image\/\"},\"sameAs\":[\"https:\/\/www.facebook.com\/SET.SunChild.EcoTours\"]}]}<\/script>\n<!-- \/ Yoast SEO plugin. -->","yoast_head_json":{"title":"Wandern - SET","robots":{"index":"index","follow":"follow","max-snippet":"max-snippet:-1","max-image-preview":"max-image-preview:large","max-video-preview":"max-video-preview:-1"},"canonical":"https:\/\/set.am\/de\/product\/hiking\/","og_locale":"de_DE","og_type":"article","og_title":"Wandern - SET","og_description":"W\u00e4hrend der Wandertouren werden Sie tief in die abgelegenen Berge gef\u00fchrt, wo Sie in einer nat\u00fcrlichen Umgebung wundersch\u00f6ne Festungen, mittelalterliche Chatschkare (armenische Kreuzsteine) und andere antike Monumente inmitten seltener endemischer Pflanzen sehen.","og_url":"https:\/\/set.am\/de\/product\/hiking\/","og_site_name":"SET","article_publisher":"https:\/\/www.facebook.com\/SET.SunChild.EcoTours","article_modified_time":"2026-03-18T11:59:50+00:00","og_image":[{"width":800,"height":533,"url":"https:\/\/set.am\/wp-content\/uploads\/2026\/03\/foot_featimage.jpg","type":"image\/jpeg"}],"twitter_card":"summary_large_image","twitter_misc":{"Gesch\u00e4tzte Lesezeit":"1\u00a0Minute"},"schema":{"@context":"https:\/\/schema.org","@graph":[{"@type":"WebPage","@id":"https:\/\/set.am\/de\/product\/hiking\/","url":"https:\/\/set.am\/de\/product\/hiking\/","name":"Wandern - SET","isPartOf":{"@id":"https:\/\/set.am\/de\/#website"},"primaryImageOfPage":{"@id":"https:\/\/set.am\/de\/product\/hiking\/#primaryimage"},"image":{"@id":"https:\/\/set.am\/de\/product\/hiking\/#primaryimage"},"thumbnailUrl":"https:\/\/set.am\/wp-content\/uploads\/2026\/03\/foot_featimage.jpg","datePublished":"2026-03-18T07:46:21+00:00","dateModified":"2026-03-18T11:59:50+00:00","breadcrumb":{"@id":"https:\/\/set.am\/de\/product\/hiking\/#breadcrumb"},"inLanguage":"de","potentialAction":[{"@type":"ReadAction","target":[["https:\/\/set.am\/de\/product\/hiking\/"]]}]},{"@type":"ImageObject","inLanguage":"de","@id":"https:\/\/set.am\/de\/product\/hiking\/#primaryimage","url":"https:\/\/set.am\/wp-content\/uploads\/2026\/03\/foot_featimage.jpg","contentUrl":"https:\/\/set.am\/wp-content\/uploads\/2026\/03\/foot_featimage.jpg","width":800,"height":533},{"@type":"BreadcrumbList","@id":"https:\/\/set.am\/de\/product\/hiking\/#breadcrumb","itemListElement":[{"@type":"ListItem","position":1,"name":"\u0413\u043b\u0430\u0432\u043d\u0430\u044f \u0441\u0442\u0440\u0430\u043d\u0438\u0446\u0430","item":"https:\/\/set.am\/de\/"},{"@type":"ListItem","position":2,"name":"Shop","item":"https:\/\/set.am\/de\/shop\/"},{"@type":"ListItem","position":3,"name":"Hiking"}]},{"@type":"WebSite","@id":"https:\/\/set.am\/de\/#website","url":"https:\/\/set.am\/de\/","name":"SET","description":"SunChild Eco tours","publisher":{"@id":"https:\/\/set.am\/de\/#organization"},"potentialAction":[{"@type":"SearchAction","target":{"@type":"EntryPoint","urlTemplate":"https:\/\/set.am\/de\/?s={search_term_string}"},"query-input":{"@type":"PropertyValueSpecification","valueRequired":true,"valueName":"search_term_string"}}],"inLanguage":"de"},{"@type":"Organization","@id":"https:\/\/set.am\/de\/#organization","name":"SET","url":"https:\/\/set.am\/de\/","logo":{"@type":"ImageObject","inLanguage":"de","@id":"https:\/\/set.am\/de\/#\/schema\/logo\/image\/","url":"https:\/\/set.am\/wp-content\/uploads\/2025\/04\/set.webp","contentUrl":"https:\/\/set.am\/wp-content\/uploads\/2025\/04\/set.webp","width":220,"height":181,"caption":"SET"},"image":{"@id":"https:\/\/set.am\/de\/#\/schema\/logo\/image\/"},"sameAs":["https:\/\/www.facebook.com\/SET.SunChild.EcoTours"]}]}},"_links":{"self":[{"href":"https:\/\/set.am\/de\/wp-json\/wp\/v2\/product\/4376","targetHints":{"allow":["GET"]}}],"collection":[{"href":"https:\/\/set.am\/de\/wp-json\/wp\/v2\/product"}],"about":[{"href":"https:\/\/set.am\/de\/wp-json\/wp\/v2\/types\/product"}],"wp:featuredmedia":[{"embeddable":true,"href":"https:\/\/set.am\/de\/wp-json\/wp\/v2\/media\/4378"}],"wp:attachment":[{"href":"https:\/\/set.am\/de\/wp-json\/wp\/v2\/media?parent=4376"}],"wp:term":[{"taxonomy":"product_brand","embeddable":true,"href":"https:\/\/set.am\/de\/wp-json\/wp\/v2\/product_brand?post=4376"},{"taxonomy":"product_cat","embeddable":true,"href":"https:\/\/set.am\/de\/wp-json\/wp\/v2\/product_cat?post=4376"},{"taxonomy":"product_tag","embeddable":true,"href":"https:\/\/set.am\/de\/wp-json\/wp\/v2\/product_tag?post=4376"}],"curies":[{"name":"wp","href":"https:\/\/api.w.org\/{rel}","templated":true}]}}