{"id":4373,"date":"2026-03-18T07:19:32","date_gmt":"2026-03-18T07:19:32","guid":{"rendered":"https:\/\/set.am\/?post_type=product&#038;p=4373"},"modified":"2026-03-18T11:57:10","modified_gmt":"2026-03-18T11:57:10","slug":"horseback-riding","status":"publish","type":"product","link":"https:\/\/set.am\/de\/product\/horseback-riding\/","title":{"rendered":"Reiten"},"content":{"rendered":"<p>Auf alten Wegen entdecken Sie all die spektakul\u00e4ren Sehensw\u00fcrdigkeiten, die auch unsere Vorfahren gesehen haben, als sie vor mehreren Jahrhunderten dieselben Region durchstreiften. Sie werden an geheime Orte in den Bergen gebracht, die nicht mit Gel\u00e4ndefahrzeugen oder Fahrr\u00e4dern zu erreichen sind, aber mit Hilfe unserer zuverl\u00e4ssigen Pferde m\u00fchelos. Sie werden einen Adrenalinschub versp\u00fcren, wenn der Wind auf Ihr Gesicht trifft und Sie die frische, saubere, alpine Luft einatmen. Diese Pferde werden Ihnen ein tiefes Verst\u00e4ndnis f\u00fcr die unglaubliche Beziehung zwischen Tieren und Menschen vermitteln und erm\u00f6glichen es Ihnen, eins mit der Natur zu werden. Egal, ob Sie ein erfahrener Reiter sind oder es Ihr erstes Mal ist, unsere Pferde werden Sie nicht im Stich lassen. Wir werden auch Ihre Reitf\u00e4higkeiten pr\u00fcfen und Ihnen bei Bedarf ein kurzes Training geben.<\/p>\n<p><span class=\"image-placeholder video\" style=\"padding-bottom:56.25000000%\"><video controls class=\"video-js-el vjs-default-skin vjs-minimal-skin\" width=\"560\" height=\"315\" data-vsetup=\"{&quot;techOrder&quot;:[&quot;youtube&quot;],&quot;sources&quot;:[{&quot;type&quot;:&quot;video\\\/youtube&quot;,&quot;src&quot;:&quot;https:\\\/\\\/www.youtube.com\\\/watch?v=DJYJhpgzrWI&amp;t=1s&quot;}],&quot;youtube&quot;:{&quot;iv_load_policy&quot;:1,&quot;ytControls&quot;:3,&quot;customVars&quot;:{&quot;wmode&quot;:&quot;transparent&quot;,&quot;controls&quot;:0},&quot;enablePrivacyEnhancedMode&quot;:&quot;true&quot;}}\" preload=\"auto\" playsinline=\"playsinline\"><\/video><\/span><\/p>","protected":false},"excerpt":{"rendered":"<p>Wenn Sie bereit f\u00fcr ein bisschen Abenteuer sind, m\u00f6chten wir Ihnen eine einmalige Gelegenheit bieten, auf unseren kr\u00e4ftigen und umg\u00e4nglichen Pferden durch die Berge des Caucasus Wildlife Refuge zu reiten<\/p>\n","protected":false},"featured_media":2669,"template":"","meta":{"_acf_changed":false},"product_brand":[],"product_cat":[26],"product_tag":[],"class_list":{"0":"post-4373","1":"product","2":"type-product","3":"status-publish","4":"has-post-thumbnail","6":"product_cat-uncategorized","8":"first","9":"instock","10":"virtual","11":"sold-individually","12":"purchasable","13":"product-type-booking","15":"catalog-layout-default","16":"columns-xs-2"},"acf":[],"yoast_head":"<!-- This site is optimized with the Yoast SEO plugin v27.1.1 - https:\/\/yoast.com\/product\/yoast-seo-wordpress\/ -->\n<title>Reiten - SET<\/title>\n<meta name=\"robots\" content=\"index, follow, max-snippet:-1, max-image-preview:large, max-video-preview:-1\" \/>\n<link rel=\"canonical\" href=\"https:\/\/set.am\/de\/product\/horseback-riding\/\" \/>\n<meta property=\"og:locale\" content=\"de_DE\" \/>\n<meta property=\"og:type\" content=\"article\" \/>\n<meta property=\"og:title\" content=\"Reiten - SET\" \/>\n<meta property=\"og:description\" content=\"Wenn Sie bereit f\u00fcr ein bisschen Abenteuer sind, m\u00f6chten wir Ihnen eine einmalige Gelegenheit bieten, auf unseren kr\u00e4ftigen und umg\u00e4nglichen Pferden durch die Berge des Caucasus Wildlife Refuge zu reiten\" \/>\n<meta property=\"og:url\" content=\"https:\/\/set.am\/de\/product\/horseback-riding\/\" \/>\n<meta property=\"og:site_name\" content=\"SET\" \/>\n<meta property=\"article:publisher\" content=\"https:\/\/www.facebook.com\/SET.SunChild.EcoTours\" \/>\n<meta property=\"article:modified_time\" content=\"2026-03-18T11:57:10+00:00\" \/>\n<meta property=\"og:image\" content=\"https:\/\/set.am\/wp-content\/uploads\/2017\/06\/horses_featimage.jpg\" \/>\n\t<meta property=\"og:image:width\" content=\"1000\" \/>\n\t<meta property=\"og:image:height\" content=\"654\" \/>\n\t<meta property=\"og:image:type\" content=\"image\/jpeg\" \/>\n<meta name=\"twitter:card\" content=\"summary_large_image\" \/>\n<meta name=\"twitter:label1\" content=\"Gesch\u00e4tzte Lesezeit\" \/>\n\t<meta name=\"twitter:data1\" content=\"1\u00a0Minute\" \/>\n<script type=\"application\/ld+json\" class=\"yoast-schema-graph\">{\"@context\":\"https:\/\/schema.org\",\"@graph\":[{\"@type\":\"WebPage\",\"@id\":\"https:\/\/set.am\/de\/product\/horseback-riding\/\",\"url\":\"https:\/\/set.am\/de\/product\/horseback-riding\/\",\"name\":\"Reiten - SET\",\"isPartOf\":{\"@id\":\"https:\/\/set.am\/de\/#website\"},\"primaryImageOfPage\":{\"@id\":\"https:\/\/set.am\/de\/product\/horseback-riding\/#primaryimage\"},\"image\":{\"@id\":\"https:\/\/set.am\/de\/product\/horseback-riding\/#primaryimage\"},\"thumbnailUrl\":\"https:\/\/set.am\/wp-content\/uploads\/2017\/06\/horses_featimage.jpg\",\"datePublished\":\"2026-03-18T07:19:32+00:00\",\"dateModified\":\"2026-03-18T11:57:10+00:00\",\"breadcrumb\":{\"@id\":\"https:\/\/set.am\/de\/product\/horseback-riding\/#breadcrumb\"},\"inLanguage\":\"de\",\"potentialAction\":[{\"@type\":\"ReadAction\",\"target\":[[\"https:\/\/set.am\/de\/product\/horseback-riding\/\"]]}]},{\"@type\":\"ImageObject\",\"inLanguage\":\"de\",\"@id\":\"https:\/\/set.am\/de\/product\/horseback-riding\/#primaryimage\",\"url\":\"https:\/\/set.am\/wp-content\/uploads\/2017\/06\/horses_featimage.jpg\",\"contentUrl\":\"https:\/\/set.am\/wp-content\/uploads\/2017\/06\/horses_featimage.jpg\",\"width\":1000,\"height\":654},{\"@type\":\"BreadcrumbList\",\"@id\":\"https:\/\/set.am\/de\/product\/horseback-riding\/#breadcrumb\",\"itemListElement\":[{\"@type\":\"ListItem\",\"position\":1,\"name\":\"\u0413\u043b\u0430\u0432\u043d\u0430\u044f \u0441\u0442\u0440\u0430\u043d\u0438\u0446\u0430\",\"item\":\"https:\/\/set.am\/de\/\"},{\"@type\":\"ListItem\",\"position\":2,\"name\":\"Shop\",\"item\":\"https:\/\/set.am\/de\/shop\/\"},{\"@type\":\"ListItem\",\"position\":3,\"name\":\"Horseback riding\"}]},{\"@type\":\"WebSite\",\"@id\":\"https:\/\/set.am\/de\/#website\",\"url\":\"https:\/\/set.am\/de\/\",\"name\":\"SET\",\"description\":\"SunChild Eco tours\",\"publisher\":{\"@id\":\"https:\/\/set.am\/de\/#organization\"},\"potentialAction\":[{\"@type\":\"SearchAction\",\"target\":{\"@type\":\"EntryPoint\",\"urlTemplate\":\"https:\/\/set.am\/de\/?s={search_term_string}\"},\"query-input\":{\"@type\":\"PropertyValueSpecification\",\"valueRequired\":true,\"valueName\":\"search_term_string\"}}],\"inLanguage\":\"de\"},{\"@type\":\"Organization\",\"@id\":\"https:\/\/set.am\/de\/#organization\",\"name\":\"SET\",\"url\":\"https:\/\/set.am\/de\/\",\"logo\":{\"@type\":\"ImageObject\",\"inLanguage\":\"de\",\"@id\":\"https:\/\/set.am\/de\/#\/schema\/logo\/image\/\",\"url\":\"https:\/\/set.am\/wp-content\/uploads\/2025\/04\/set.webp\",\"contentUrl\":\"https:\/\/set.am\/wp-content\/uploads\/2025\/04\/set.webp\",\"width\":220,\"height\":181,\"caption\":\"SET\"},\"image\":{\"@id\":\"https:\/\/set.am\/de\/#\/schema\/logo\/image\/\"},\"sameAs\":[\"https:\/\/www.facebook.com\/SET.SunChild.EcoTours\"]}]}<\/script>\n<!-- \/ Yoast SEO plugin. -->","yoast_head_json":{"title":"Reiten - SET","robots":{"index":"index","follow":"follow","max-snippet":"max-snippet:-1","max-image-preview":"max-image-preview:large","max-video-preview":"max-video-preview:-1"},"canonical":"https:\/\/set.am\/de\/product\/horseback-riding\/","og_locale":"de_DE","og_type":"article","og_title":"Reiten - SET","og_description":"Wenn Sie bereit f\u00fcr ein bisschen Abenteuer sind, m\u00f6chten wir Ihnen eine einmalige Gelegenheit bieten, auf unseren kr\u00e4ftigen und umg\u00e4nglichen Pferden durch die Berge des Caucasus Wildlife Refuge zu reiten","og_url":"https:\/\/set.am\/de\/product\/horseback-riding\/","og_site_name":"SET","article_publisher":"https:\/\/www.facebook.com\/SET.SunChild.EcoTours","article_modified_time":"2026-03-18T11:57:10+00:00","og_image":[{"width":1000,"height":654,"url":"https:\/\/set.am\/wp-content\/uploads\/2017\/06\/horses_featimage.jpg","type":"image\/jpeg"}],"twitter_card":"summary_large_image","twitter_misc":{"Gesch\u00e4tzte Lesezeit":"1\u00a0Minute"},"schema":{"@context":"https:\/\/schema.org","@graph":[{"@type":"WebPage","@id":"https:\/\/set.am\/de\/product\/horseback-riding\/","url":"https:\/\/set.am\/de\/product\/horseback-riding\/","name":"Reiten - SET","isPartOf":{"@id":"https:\/\/set.am\/de\/#website"},"primaryImageOfPage":{"@id":"https:\/\/set.am\/de\/product\/horseback-riding\/#primaryimage"},"image":{"@id":"https:\/\/set.am\/de\/product\/horseback-riding\/#primaryimage"},"thumbnailUrl":"https:\/\/set.am\/wp-content\/uploads\/2017\/06\/horses_featimage.jpg","datePublished":"2026-03-18T07:19:32+00:00","dateModified":"2026-03-18T11:57:10+00:00","breadcrumb":{"@id":"https:\/\/set.am\/de\/product\/horseback-riding\/#breadcrumb"},"inLanguage":"de","potentialAction":[{"@type":"ReadAction","target":[["https:\/\/set.am\/de\/product\/horseback-riding\/"]]}]},{"@type":"ImageObject","inLanguage":"de","@id":"https:\/\/set.am\/de\/product\/horseback-riding\/#primaryimage","url":"https:\/\/set.am\/wp-content\/uploads\/2017\/06\/horses_featimage.jpg","contentUrl":"https:\/\/set.am\/wp-content\/uploads\/2017\/06\/horses_featimage.jpg","width":1000,"height":654},{"@type":"BreadcrumbList","@id":"https:\/\/set.am\/de\/product\/horseback-riding\/#breadcrumb","itemListElement":[{"@type":"ListItem","position":1,"name":"\u0413\u043b\u0430\u0432\u043d\u0430\u044f \u0441\u0442\u0440\u0430\u043d\u0438\u0446\u0430","item":"https:\/\/set.am\/de\/"},{"@type":"ListItem","position":2,"name":"Shop","item":"https:\/\/set.am\/de\/shop\/"},{"@type":"ListItem","position":3,"name":"Horseback riding"}]},{"@type":"WebSite","@id":"https:\/\/set.am\/de\/#website","url":"https:\/\/set.am\/de\/","name":"SET","description":"SunChild Eco tours","publisher":{"@id":"https:\/\/set.am\/de\/#organization"},"potentialAction":[{"@type":"SearchAction","target":{"@type":"EntryPoint","urlTemplate":"https:\/\/set.am\/de\/?s={search_term_string}"},"query-input":{"@type":"PropertyValueSpecification","valueRequired":true,"valueName":"search_term_string"}}],"inLanguage":"de"},{"@type":"Organization","@id":"https:\/\/set.am\/de\/#organization","name":"SET","url":"https:\/\/set.am\/de\/","logo":{"@type":"ImageObject","inLanguage":"de","@id":"https:\/\/set.am\/de\/#\/schema\/logo\/image\/","url":"https:\/\/set.am\/wp-content\/uploads\/2025\/04\/set.webp","contentUrl":"https:\/\/set.am\/wp-content\/uploads\/2025\/04\/set.webp","width":220,"height":181,"caption":"SET"},"image":{"@id":"https:\/\/set.am\/de\/#\/schema\/logo\/image\/"},"sameAs":["https:\/\/www.facebook.com\/SET.SunChild.EcoTours"]}]}},"_links":{"self":[{"href":"https:\/\/set.am\/de\/wp-json\/wp\/v2\/product\/4373","targetHints":{"allow":["GET"]}}],"collection":[{"href":"https:\/\/set.am\/de\/wp-json\/wp\/v2\/product"}],"about":[{"href":"https:\/\/set.am\/de\/wp-json\/wp\/v2\/types\/product"}],"wp:featuredmedia":[{"embeddable":true,"href":"https:\/\/set.am\/de\/wp-json\/wp\/v2\/media\/2669"}],"wp:attachment":[{"href":"https:\/\/set.am\/de\/wp-json\/wp\/v2\/media?parent=4373"}],"wp:term":[{"taxonomy":"product_brand","embeddable":true,"href":"https:\/\/set.am\/de\/wp-json\/wp\/v2\/product_brand?post=4373"},{"taxonomy":"product_cat","embeddable":true,"href":"https:\/\/set.am\/de\/wp-json\/wp\/v2\/product_cat?post=4373"},{"taxonomy":"product_tag","embeddable":true,"href":"https:\/\/set.am\/de\/wp-json\/wp\/v2\/product_tag?post=4373"}],"curies":[{"name":"wp","href":"https:\/\/api.w.org\/{rel}","templated":true}]}}