{"id":4371,"date":"2026-03-18T07:05:50","date_gmt":"2026-03-18T07:05:50","guid":{"rendered":"https:\/\/set.am\/?post_type=product&#038;p=4371"},"modified":"2026-03-18T11:54:46","modified_gmt":"2026-03-18T11:54:46","slug":"armenian-wildlife-tour","status":"publish","type":"product","link":"https:\/\/set.am\/de\/product\/armenian-wildlife-tour\/","title":{"rendered":"Armenische Wildtiertour"},"content":{"rendered":"<p>Das Kaukasus-Wildtierrefugium (CWR) ist ein 10.000 Hektar gro\u00dfes, privat gesch\u00fctztes Gebiet, das das staatliche Waldreservat Khosrov umgibt. Dieses Gebiet wurde von der FPWC erworben, um die Population seltener Wildtierarten in der Region zu f\u00f6rdern, darunter Armenische Mufflons, Syrische Braunb\u00e4ren, Bezoarziegen, Bartgeier und Kaukasische Leoparden. Selbst wenn Sie keinen B\u00e4ren oder Leoparden sehen, werden Sie die Pr\u00e4senz dieser Spitzenpr\u00e4datoren durch ihre Spuren und Exkremente sp\u00fcren, die die R\u00fcckkehr unserer bedrohten Wildtiere bezeugen.<\/p>\n<p><span class=\"image-placeholder video\" style=\"padding-bottom:56.25000000%\"><video controls class=\"video-js-el vjs-default-skin vjs-minimal-skin\" width=\"560\" height=\"315\" data-vsetup=\"{&quot;techOrder&quot;:[&quot;youtube&quot;],&quot;sources&quot;:[{&quot;type&quot;:&quot;video\\\/youtube&quot;,&quot;src&quot;:&quot;https:\\\/\\\/www.youtube.com\\\/watch?v=dZflRmtM7E8&quot;}],&quot;youtube&quot;:{&quot;iv_load_policy&quot;:1,&quot;ytControls&quot;:3,&quot;customVars&quot;:{&quot;wmode&quot;:&quot;transparent&quot;,&quot;controls&quot;:0},&quot;enablePrivacyEnhancedMode&quot;:&quot;true&quot;}}\" preload=\"auto\" playsinline=\"playsinline\"><\/video><\/span><\/p>","protected":false},"excerpt":{"rendered":"<p>Bei Ihrer Wildtierexkursion mit einem erfahrenen F\u00fchrer haben Sie die M\u00f6glichkeit, eine der artenreichsten Regionen der Welt zu erkunden, wo Sie 44 S\u00e4ugetierarten, 192 Vogelarten, 33 Reptilienarten, 5 Amphibienarten und 9 Fischarten antreffen k\u00f6nnen.<\/p>\n","protected":false},"featured_media":3763,"template":"","meta":{"_acf_changed":false},"product_brand":[],"product_cat":[26],"product_tag":[],"class_list":{"0":"post-4371","1":"product","2":"type-product","3":"status-publish","4":"has-post-thumbnail","6":"product_cat-uncategorized","8":"first","9":"instock","10":"virtual","11":"sold-individually","12":"purchasable","13":"product-type-booking","15":"catalog-layout-default","16":"columns-xs-2"},"acf":[],"yoast_head":"<!-- This site is optimized with the Yoast SEO plugin v27.1.1 - https:\/\/yoast.com\/product\/yoast-seo-wordpress\/ -->\n<title>Armenische Wildtiertour - SET<\/title>\n<meta name=\"robots\" content=\"index, follow, max-snippet:-1, max-image-preview:large, max-video-preview:-1\" \/>\n<link rel=\"canonical\" href=\"https:\/\/set.am\/de\/product\/armenian-wildlife-tour\/\" \/>\n<meta property=\"og:locale\" content=\"de_DE\" \/>\n<meta property=\"og:type\" content=\"article\" \/>\n<meta property=\"og:title\" content=\"Armenische Wildtiertour - SET\" \/>\n<meta property=\"og:description\" content=\"Bei Ihrer Wildtierexkursion mit einem erfahrenen F\u00fchrer haben Sie die M\u00f6glichkeit, eine der artenreichsten Regionen der Welt zu erkunden, wo Sie 44 S\u00e4ugetierarten, 192 Vogelarten, 33 Reptilienarten, 5 Amphibienarten und 9 Fischarten antreffen k\u00f6nnen.\" \/>\n<meta property=\"og:url\" content=\"https:\/\/set.am\/de\/product\/armenian-wildlife-tour\/\" \/>\n<meta property=\"og:site_name\" content=\"SET\" \/>\n<meta property=\"article:publisher\" content=\"https:\/\/www.facebook.com\/SET.SunChild.EcoTours\" \/>\n<meta property=\"article:modified_time\" content=\"2026-03-18T11:54:46+00:00\" \/>\n<meta property=\"og:image\" content=\"https:\/\/set.am\/wp-content\/uploads\/2017\/06\/wild-life-tour7.webp\" \/>\n\t<meta property=\"og:image:width\" content=\"1200\" \/>\n\t<meta property=\"og:image:height\" content=\"900\" \/>\n\t<meta property=\"og:image:type\" content=\"image\/webp\" \/>\n<meta name=\"twitter:card\" content=\"summary_large_image\" \/>\n<meta name=\"twitter:label1\" content=\"Gesch\u00e4tzte Lesezeit\" \/>\n\t<meta name=\"twitter:data1\" content=\"1\u00a0Minute\" \/>\n<script type=\"application\/ld+json\" class=\"yoast-schema-graph\">{\"@context\":\"https:\/\/schema.org\",\"@graph\":[{\"@type\":\"WebPage\",\"@id\":\"https:\/\/set.am\/de\/product\/armenian-wildlife-tour\/\",\"url\":\"https:\/\/set.am\/de\/product\/armenian-wildlife-tour\/\",\"name\":\"Armenische Wildtiertour - SET\",\"isPartOf\":{\"@id\":\"https:\/\/set.am\/de\/#website\"},\"primaryImageOfPage\":{\"@id\":\"https:\/\/set.am\/de\/product\/armenian-wildlife-tour\/#primaryimage\"},\"image\":{\"@id\":\"https:\/\/set.am\/de\/product\/armenian-wildlife-tour\/#primaryimage\"},\"thumbnailUrl\":\"https:\/\/set.am\/wp-content\/uploads\/2017\/06\/wild-life-tour7.webp\",\"datePublished\":\"2026-03-18T07:05:50+00:00\",\"dateModified\":\"2026-03-18T11:54:46+00:00\",\"breadcrumb\":{\"@id\":\"https:\/\/set.am\/de\/product\/armenian-wildlife-tour\/#breadcrumb\"},\"inLanguage\":\"de\",\"potentialAction\":[{\"@type\":\"ReadAction\",\"target\":[[\"https:\/\/set.am\/de\/product\/armenian-wildlife-tour\/\"]]}]},{\"@type\":\"ImageObject\",\"inLanguage\":\"de\",\"@id\":\"https:\/\/set.am\/de\/product\/armenian-wildlife-tour\/#primaryimage\",\"url\":\"https:\/\/set.am\/wp-content\/uploads\/2017\/06\/wild-life-tour7.webp\",\"contentUrl\":\"https:\/\/set.am\/wp-content\/uploads\/2017\/06\/wild-life-tour7.webp\",\"width\":1200,\"height\":900},{\"@type\":\"BreadcrumbList\",\"@id\":\"https:\/\/set.am\/de\/product\/armenian-wildlife-tour\/#breadcrumb\",\"itemListElement\":[{\"@type\":\"ListItem\",\"position\":1,\"name\":\"\u0413\u043b\u0430\u0432\u043d\u0430\u044f \u0441\u0442\u0440\u0430\u043d\u0438\u0446\u0430\",\"item\":\"https:\/\/set.am\/de\/\"},{\"@type\":\"ListItem\",\"position\":2,\"name\":\"Shop\",\"item\":\"https:\/\/set.am\/de\/shop\/\"},{\"@type\":\"ListItem\",\"position\":3,\"name\":\"Armenian Wildlife Tour\"}]},{\"@type\":\"WebSite\",\"@id\":\"https:\/\/set.am\/de\/#website\",\"url\":\"https:\/\/set.am\/de\/\",\"name\":\"SET\",\"description\":\"SunChild Eco tours\",\"publisher\":{\"@id\":\"https:\/\/set.am\/de\/#organization\"},\"potentialAction\":[{\"@type\":\"SearchAction\",\"target\":{\"@type\":\"EntryPoint\",\"urlTemplate\":\"https:\/\/set.am\/de\/?s={search_term_string}\"},\"query-input\":{\"@type\":\"PropertyValueSpecification\",\"valueRequired\":true,\"valueName\":\"search_term_string\"}}],\"inLanguage\":\"de\"},{\"@type\":\"Organization\",\"@id\":\"https:\/\/set.am\/de\/#organization\",\"name\":\"SET\",\"url\":\"https:\/\/set.am\/de\/\",\"logo\":{\"@type\":\"ImageObject\",\"inLanguage\":\"de\",\"@id\":\"https:\/\/set.am\/de\/#\/schema\/logo\/image\/\",\"url\":\"https:\/\/set.am\/wp-content\/uploads\/2025\/04\/set.webp\",\"contentUrl\":\"https:\/\/set.am\/wp-content\/uploads\/2025\/04\/set.webp\",\"width\":220,\"height\":181,\"caption\":\"SET\"},\"image\":{\"@id\":\"https:\/\/set.am\/de\/#\/schema\/logo\/image\/\"},\"sameAs\":[\"https:\/\/www.facebook.com\/SET.SunChild.EcoTours\"]}]}<\/script>\n<!-- \/ Yoast SEO plugin. -->","yoast_head_json":{"title":"Armenische Wildtiertour - SET","robots":{"index":"index","follow":"follow","max-snippet":"max-snippet:-1","max-image-preview":"max-image-preview:large","max-video-preview":"max-video-preview:-1"},"canonical":"https:\/\/set.am\/de\/product\/armenian-wildlife-tour\/","og_locale":"de_DE","og_type":"article","og_title":"Armenische Wildtiertour - SET","og_description":"Bei Ihrer Wildtierexkursion mit einem erfahrenen F\u00fchrer haben Sie die M\u00f6glichkeit, eine der artenreichsten Regionen der Welt zu erkunden, wo Sie 44 S\u00e4ugetierarten, 192 Vogelarten, 33 Reptilienarten, 5 Amphibienarten und 9 Fischarten antreffen k\u00f6nnen.","og_url":"https:\/\/set.am\/de\/product\/armenian-wildlife-tour\/","og_site_name":"SET","article_publisher":"https:\/\/www.facebook.com\/SET.SunChild.EcoTours","article_modified_time":"2026-03-18T11:54:46+00:00","og_image":[{"width":1200,"height":900,"url":"https:\/\/set.am\/wp-content\/uploads\/2017\/06\/wild-life-tour7.webp","type":"image\/webp"}],"twitter_card":"summary_large_image","twitter_misc":{"Gesch\u00e4tzte Lesezeit":"1\u00a0Minute"},"schema":{"@context":"https:\/\/schema.org","@graph":[{"@type":"WebPage","@id":"https:\/\/set.am\/de\/product\/armenian-wildlife-tour\/","url":"https:\/\/set.am\/de\/product\/armenian-wildlife-tour\/","name":"Armenische Wildtiertour - SET","isPartOf":{"@id":"https:\/\/set.am\/de\/#website"},"primaryImageOfPage":{"@id":"https:\/\/set.am\/de\/product\/armenian-wildlife-tour\/#primaryimage"},"image":{"@id":"https:\/\/set.am\/de\/product\/armenian-wildlife-tour\/#primaryimage"},"thumbnailUrl":"https:\/\/set.am\/wp-content\/uploads\/2017\/06\/wild-life-tour7.webp","datePublished":"2026-03-18T07:05:50+00:00","dateModified":"2026-03-18T11:54:46+00:00","breadcrumb":{"@id":"https:\/\/set.am\/de\/product\/armenian-wildlife-tour\/#breadcrumb"},"inLanguage":"de","potentialAction":[{"@type":"ReadAction","target":[["https:\/\/set.am\/de\/product\/armenian-wildlife-tour\/"]]}]},{"@type":"ImageObject","inLanguage":"de","@id":"https:\/\/set.am\/de\/product\/armenian-wildlife-tour\/#primaryimage","url":"https:\/\/set.am\/wp-content\/uploads\/2017\/06\/wild-life-tour7.webp","contentUrl":"https:\/\/set.am\/wp-content\/uploads\/2017\/06\/wild-life-tour7.webp","width":1200,"height":900},{"@type":"BreadcrumbList","@id":"https:\/\/set.am\/de\/product\/armenian-wildlife-tour\/#breadcrumb","itemListElement":[{"@type":"ListItem","position":1,"name":"\u0413\u043b\u0430\u0432\u043d\u0430\u044f \u0441\u0442\u0440\u0430\u043d\u0438\u0446\u0430","item":"https:\/\/set.am\/de\/"},{"@type":"ListItem","position":2,"name":"Shop","item":"https:\/\/set.am\/de\/shop\/"},{"@type":"ListItem","position":3,"name":"Armenian Wildlife Tour"}]},{"@type":"WebSite","@id":"https:\/\/set.am\/de\/#website","url":"https:\/\/set.am\/de\/","name":"SET","description":"SunChild Eco tours","publisher":{"@id":"https:\/\/set.am\/de\/#organization"},"potentialAction":[{"@type":"SearchAction","target":{"@type":"EntryPoint","urlTemplate":"https:\/\/set.am\/de\/?s={search_term_string}"},"query-input":{"@type":"PropertyValueSpecification","valueRequired":true,"valueName":"search_term_string"}}],"inLanguage":"de"},{"@type":"Organization","@id":"https:\/\/set.am\/de\/#organization","name":"SET","url":"https:\/\/set.am\/de\/","logo":{"@type":"ImageObject","inLanguage":"de","@id":"https:\/\/set.am\/de\/#\/schema\/logo\/image\/","url":"https:\/\/set.am\/wp-content\/uploads\/2025\/04\/set.webp","contentUrl":"https:\/\/set.am\/wp-content\/uploads\/2025\/04\/set.webp","width":220,"height":181,"caption":"SET"},"image":{"@id":"https:\/\/set.am\/de\/#\/schema\/logo\/image\/"},"sameAs":["https:\/\/www.facebook.com\/SET.SunChild.EcoTours"]}]}},"_links":{"self":[{"href":"https:\/\/set.am\/de\/wp-json\/wp\/v2\/product\/4371","targetHints":{"allow":["GET"]}}],"collection":[{"href":"https:\/\/set.am\/de\/wp-json\/wp\/v2\/product"}],"about":[{"href":"https:\/\/set.am\/de\/wp-json\/wp\/v2\/types\/product"}],"wp:featuredmedia":[{"embeddable":true,"href":"https:\/\/set.am\/de\/wp-json\/wp\/v2\/media\/3763"}],"wp:attachment":[{"href":"https:\/\/set.am\/de\/wp-json\/wp\/v2\/media?parent=4371"}],"wp:term":[{"taxonomy":"product_brand","embeddable":true,"href":"https:\/\/set.am\/de\/wp-json\/wp\/v2\/product_brand?post=4371"},{"taxonomy":"product_cat","embeddable":true,"href":"https:\/\/set.am\/de\/wp-json\/wp\/v2\/product_cat?post=4371"},{"taxonomy":"product_tag","embeddable":true,"href":"https:\/\/set.am\/de\/wp-json\/wp\/v2\/product_tag?post=4371"}],"curies":[{"name":"wp","href":"https:\/\/api.w.org\/{rel}","templated":true}]}}