{"id":4364,"date":"2026-03-18T06:34:06","date_gmt":"2026-03-18T06:34:06","guid":{"rendered":"https:\/\/set.am\/?post_type=product&#038;p=4364"},"modified":"2026-03-18T11:50:24","modified_gmt":"2026-03-18T11:50:24","slug":"offroad-cycling","status":"publish","type":"product","link":"https:\/\/set.am\/de\/product\/offroad-cycling\/","title":{"rendered":"Offroad-Radfahren"},"content":{"rendered":"<p>Diese Tour f\u00fchrt Sie auf gut ausgebauten Stra\u00dfen und Dorfwegen durch sechs l\u00e4ndliche Gemeinden. Sie passieren das artenreiche Naturschutzgebiet Goravan Sands, eine der wenigen verbliebenen Sandw\u00fcsten Armeniens, die eine Vielzahl einzigartiger Pflanzen- und Tierarten beheimatet. Anschlie\u00dfend besuchen wir eines der beliebtesten Touristenziele Armeniens: das Kloster Chor Virap, in dem der Heilige Gregor der Erleuchter im Jahr 301 gefangen gehalten wurde. Vom Kloster aus genie\u00dfen Sie einen atemberaubenden Blick auf den Berg Ararat. Auf dieser Tour erleben Sie nicht nur beeindruckende Sehensw\u00fcrdigkeiten, sondern lernen auch die herzliche Gastfreundschaft der Armenier kennen. F\u00fcr alle, die zus\u00e4tzliche Unterst\u00fctzung ben\u00f6tigen, stehen E-Bikes zur Verf\u00fcgung.<\/p>\n<p><span class=\"image-placeholder video\" style=\"padding-bottom:56.25000000%\"><video controls class=\"video-js-el vjs-default-skin vjs-minimal-skin\" width=\"560\" height=\"315\" data-vsetup=\"{&quot;techOrder&quot;:[&quot;youtube&quot;],&quot;sources&quot;:[{&quot;type&quot;:&quot;video\\\/youtube&quot;,&quot;src&quot;:&quot;https:\\\/\\\/www.youtube.com\\\/watch?v=Qj1Kb3S5xmE&quot;}],&quot;youtube&quot;:{&quot;iv_load_policy&quot;:1,&quot;ytControls&quot;:3,&quot;customVars&quot;:{&quot;wmode&quot;:&quot;transparent&quot;,&quot;controls&quot;:0},&quot;enablePrivacyEnhancedMode&quot;:&quot;true&quot;}}\" preload=\"auto\" playsinline=\"playsinline\"><\/video><\/span><\/p>","protected":false},"excerpt":{"rendered":"<p>Wenn Sie w\u00e4hrend Ihres Aufenthalts in Armenien Lust auf eine Herausforderung haben, freuen wir uns darauf, Ihnen mit unserer Offroad-Radtour ein unterhaltsames und aufregendes Erlebnis zu bieten.<\/p>\n","protected":false},"featured_media":2676,"template":"","meta":{"_acf_changed":false},"product_brand":[],"product_cat":[26],"product_tag":[],"class_list":{"0":"post-4364","1":"product","2":"type-product","3":"status-publish","4":"has-post-thumbnail","6":"product_cat-uncategorized","8":"first","9":"instock","10":"virtual","11":"sold-individually","12":"purchasable","13":"product-type-booking","15":"catalog-layout-default","16":"columns-xs-2"},"acf":[],"yoast_head":"<!-- This site is optimized with the Yoast SEO plugin v27.1.1 - https:\/\/yoast.com\/product\/yoast-seo-wordpress\/ -->\n<title>Offroad-Radfahren - SET<\/title>\n<meta name=\"robots\" content=\"index, follow, max-snippet:-1, max-image-preview:large, max-video-preview:-1\" \/>\n<link rel=\"canonical\" href=\"https:\/\/set.am\/de\/product\/offroad-cycling\/\" \/>\n<meta property=\"og:locale\" content=\"de_DE\" \/>\n<meta property=\"og:type\" content=\"article\" \/>\n<meta property=\"og:title\" content=\"Offroad-Radfahren - SET\" \/>\n<meta property=\"og:description\" content=\"Wenn Sie w\u00e4hrend Ihres Aufenthalts in Armenien Lust auf eine Herausforderung haben, freuen wir uns darauf, Ihnen mit unserer Offroad-Radtour ein unterhaltsames und aufregendes Erlebnis zu bieten.\" \/>\n<meta property=\"og:url\" content=\"https:\/\/set.am\/de\/product\/offroad-cycling\/\" \/>\n<meta property=\"og:site_name\" content=\"SET\" \/>\n<meta property=\"article:publisher\" content=\"https:\/\/www.facebook.com\/SET.SunChild.EcoTours\" \/>\n<meta property=\"article:modified_time\" content=\"2026-03-18T11:50:24+00:00\" \/>\n<meta property=\"og:image\" content=\"https:\/\/set.am\/wp-content\/uploads\/2017\/06\/bike_featimage.jpg\" \/>\n\t<meta property=\"og:image:width\" content=\"800\" \/>\n\t<meta property=\"og:image:height\" content=\"533\" \/>\n\t<meta property=\"og:image:type\" content=\"image\/jpeg\" \/>\n<meta name=\"twitter:card\" content=\"summary_large_image\" \/>\n<meta name=\"twitter:label1\" content=\"Gesch\u00e4tzte Lesezeit\" \/>\n\t<meta name=\"twitter:data1\" content=\"1\u00a0Minute\" \/>\n<script type=\"application\/ld+json\" class=\"yoast-schema-graph\">{\"@context\":\"https:\/\/schema.org\",\"@graph\":[{\"@type\":\"WebPage\",\"@id\":\"https:\/\/set.am\/de\/product\/offroad-cycling\/\",\"url\":\"https:\/\/set.am\/de\/product\/offroad-cycling\/\",\"name\":\"Offroad-Radfahren - SET\",\"isPartOf\":{\"@id\":\"https:\/\/set.am\/de\/#website\"},\"primaryImageOfPage\":{\"@id\":\"https:\/\/set.am\/de\/product\/offroad-cycling\/#primaryimage\"},\"image\":{\"@id\":\"https:\/\/set.am\/de\/product\/offroad-cycling\/#primaryimage\"},\"thumbnailUrl\":\"https:\/\/set.am\/wp-content\/uploads\/2017\/06\/bike_featimage.jpg\",\"datePublished\":\"2026-03-18T06:34:06+00:00\",\"dateModified\":\"2026-03-18T11:50:24+00:00\",\"breadcrumb\":{\"@id\":\"https:\/\/set.am\/de\/product\/offroad-cycling\/#breadcrumb\"},\"inLanguage\":\"de\",\"potentialAction\":[{\"@type\":\"ReadAction\",\"target\":[[\"https:\/\/set.am\/de\/product\/offroad-cycling\/\"]]}]},{\"@type\":\"ImageObject\",\"inLanguage\":\"de\",\"@id\":\"https:\/\/set.am\/de\/product\/offroad-cycling\/#primaryimage\",\"url\":\"https:\/\/set.am\/wp-content\/uploads\/2017\/06\/bike_featimage.jpg\",\"contentUrl\":\"https:\/\/set.am\/wp-content\/uploads\/2017\/06\/bike_featimage.jpg\",\"width\":800,\"height\":533},{\"@type\":\"BreadcrumbList\",\"@id\":\"https:\/\/set.am\/de\/product\/offroad-cycling\/#breadcrumb\",\"itemListElement\":[{\"@type\":\"ListItem\",\"position\":1,\"name\":\"\u0413\u043b\u0430\u0432\u043d\u0430\u044f \u0441\u0442\u0440\u0430\u043d\u0438\u0446\u0430\",\"item\":\"https:\/\/set.am\/de\/\"},{\"@type\":\"ListItem\",\"position\":2,\"name\":\"Shop\",\"item\":\"https:\/\/set.am\/de\/shop\/\"},{\"@type\":\"ListItem\",\"position\":3,\"name\":\"Offroad Cycling\"}]},{\"@type\":\"WebSite\",\"@id\":\"https:\/\/set.am\/de\/#website\",\"url\":\"https:\/\/set.am\/de\/\",\"name\":\"SET\",\"description\":\"SunChild Eco tours\",\"publisher\":{\"@id\":\"https:\/\/set.am\/de\/#organization\"},\"potentialAction\":[{\"@type\":\"SearchAction\",\"target\":{\"@type\":\"EntryPoint\",\"urlTemplate\":\"https:\/\/set.am\/de\/?s={search_term_string}\"},\"query-input\":{\"@type\":\"PropertyValueSpecification\",\"valueRequired\":true,\"valueName\":\"search_term_string\"}}],\"inLanguage\":\"de\"},{\"@type\":\"Organization\",\"@id\":\"https:\/\/set.am\/de\/#organization\",\"name\":\"SET\",\"url\":\"https:\/\/set.am\/de\/\",\"logo\":{\"@type\":\"ImageObject\",\"inLanguage\":\"de\",\"@id\":\"https:\/\/set.am\/de\/#\/schema\/logo\/image\/\",\"url\":\"https:\/\/set.am\/wp-content\/uploads\/2025\/04\/set.webp\",\"contentUrl\":\"https:\/\/set.am\/wp-content\/uploads\/2025\/04\/set.webp\",\"width\":220,\"height\":181,\"caption\":\"SET\"},\"image\":{\"@id\":\"https:\/\/set.am\/de\/#\/schema\/logo\/image\/\"},\"sameAs\":[\"https:\/\/www.facebook.com\/SET.SunChild.EcoTours\"]}]}<\/script>\n<!-- \/ Yoast SEO plugin. -->","yoast_head_json":{"title":"Offroad-Radfahren - SET","robots":{"index":"index","follow":"follow","max-snippet":"max-snippet:-1","max-image-preview":"max-image-preview:large","max-video-preview":"max-video-preview:-1"},"canonical":"https:\/\/set.am\/de\/product\/offroad-cycling\/","og_locale":"de_DE","og_type":"article","og_title":"Offroad-Radfahren - SET","og_description":"Wenn Sie w\u00e4hrend Ihres Aufenthalts in Armenien Lust auf eine Herausforderung haben, freuen wir uns darauf, Ihnen mit unserer Offroad-Radtour ein unterhaltsames und aufregendes Erlebnis zu bieten.","og_url":"https:\/\/set.am\/de\/product\/offroad-cycling\/","og_site_name":"SET","article_publisher":"https:\/\/www.facebook.com\/SET.SunChild.EcoTours","article_modified_time":"2026-03-18T11:50:24+00:00","og_image":[{"width":800,"height":533,"url":"https:\/\/set.am\/wp-content\/uploads\/2017\/06\/bike_featimage.jpg","type":"image\/jpeg"}],"twitter_card":"summary_large_image","twitter_misc":{"Gesch\u00e4tzte Lesezeit":"1\u00a0Minute"},"schema":{"@context":"https:\/\/schema.org","@graph":[{"@type":"WebPage","@id":"https:\/\/set.am\/de\/product\/offroad-cycling\/","url":"https:\/\/set.am\/de\/product\/offroad-cycling\/","name":"Offroad-Radfahren - SET","isPartOf":{"@id":"https:\/\/set.am\/de\/#website"},"primaryImageOfPage":{"@id":"https:\/\/set.am\/de\/product\/offroad-cycling\/#primaryimage"},"image":{"@id":"https:\/\/set.am\/de\/product\/offroad-cycling\/#primaryimage"},"thumbnailUrl":"https:\/\/set.am\/wp-content\/uploads\/2017\/06\/bike_featimage.jpg","datePublished":"2026-03-18T06:34:06+00:00","dateModified":"2026-03-18T11:50:24+00:00","breadcrumb":{"@id":"https:\/\/set.am\/de\/product\/offroad-cycling\/#breadcrumb"},"inLanguage":"de","potentialAction":[{"@type":"ReadAction","target":[["https:\/\/set.am\/de\/product\/offroad-cycling\/"]]}]},{"@type":"ImageObject","inLanguage":"de","@id":"https:\/\/set.am\/de\/product\/offroad-cycling\/#primaryimage","url":"https:\/\/set.am\/wp-content\/uploads\/2017\/06\/bike_featimage.jpg","contentUrl":"https:\/\/set.am\/wp-content\/uploads\/2017\/06\/bike_featimage.jpg","width":800,"height":533},{"@type":"BreadcrumbList","@id":"https:\/\/set.am\/de\/product\/offroad-cycling\/#breadcrumb","itemListElement":[{"@type":"ListItem","position":1,"name":"\u0413\u043b\u0430\u0432\u043d\u0430\u044f \u0441\u0442\u0440\u0430\u043d\u0438\u0446\u0430","item":"https:\/\/set.am\/de\/"},{"@type":"ListItem","position":2,"name":"Shop","item":"https:\/\/set.am\/de\/shop\/"},{"@type":"ListItem","position":3,"name":"Offroad Cycling"}]},{"@type":"WebSite","@id":"https:\/\/set.am\/de\/#website","url":"https:\/\/set.am\/de\/","name":"SET","description":"SunChild Eco tours","publisher":{"@id":"https:\/\/set.am\/de\/#organization"},"potentialAction":[{"@type":"SearchAction","target":{"@type":"EntryPoint","urlTemplate":"https:\/\/set.am\/de\/?s={search_term_string}"},"query-input":{"@type":"PropertyValueSpecification","valueRequired":true,"valueName":"search_term_string"}}],"inLanguage":"de"},{"@type":"Organization","@id":"https:\/\/set.am\/de\/#organization","name":"SET","url":"https:\/\/set.am\/de\/","logo":{"@type":"ImageObject","inLanguage":"de","@id":"https:\/\/set.am\/de\/#\/schema\/logo\/image\/","url":"https:\/\/set.am\/wp-content\/uploads\/2025\/04\/set.webp","contentUrl":"https:\/\/set.am\/wp-content\/uploads\/2025\/04\/set.webp","width":220,"height":181,"caption":"SET"},"image":{"@id":"https:\/\/set.am\/de\/#\/schema\/logo\/image\/"},"sameAs":["https:\/\/www.facebook.com\/SET.SunChild.EcoTours"]}]}},"_links":{"self":[{"href":"https:\/\/set.am\/de\/wp-json\/wp\/v2\/product\/4364","targetHints":{"allow":["GET"]}}],"collection":[{"href":"https:\/\/set.am\/de\/wp-json\/wp\/v2\/product"}],"about":[{"href":"https:\/\/set.am\/de\/wp-json\/wp\/v2\/types\/product"}],"wp:featuredmedia":[{"embeddable":true,"href":"https:\/\/set.am\/de\/wp-json\/wp\/v2\/media\/2676"}],"wp:attachment":[{"href":"https:\/\/set.am\/de\/wp-json\/wp\/v2\/media?parent=4364"}],"wp:term":[{"taxonomy":"product_brand","embeddable":true,"href":"https:\/\/set.am\/de\/wp-json\/wp\/v2\/product_brand?post=4364"},{"taxonomy":"product_cat","embeddable":true,"href":"https:\/\/set.am\/de\/wp-json\/wp\/v2\/product_cat?post=4364"},{"taxonomy":"product_tag","embeddable":true,"href":"https:\/\/set.am\/de\/wp-json\/wp\/v2\/product_tag?post=4364"}],"curies":[{"name":"wp","href":"https:\/\/api.w.org\/{rel}","templated":true}]}}