{"id":4353,"date":"2026-03-17T13:48:36","date_gmt":"2026-03-17T13:48:36","guid":{"rendered":"https:\/\/set.am\/?post_type=product&#038;p=4353"},"modified":"2026-03-18T11:46:28","modified_gmt":"2026-03-18T11:46:28","slug":"birdwatching","status":"publish","type":"product","link":"https:\/\/set.am\/de\/product\/birdwatching\/","title":{"rendered":"Vogelbeobachtung"},"content":{"rendered":"<p>Im CWR k\u00f6nnen Sie Pr\u00e4riev\u00f6gel wie den Mongolenfink, den Trompeterfink und die Grauhalsammer sowie verschiedene Geier-, Seevogel-, Wasservogel- und Entenarten beobachten. Unsere Zugv\u00f6gel kommen sogar aus S\u00fcdafrika. Wenn Sie also zur richtigen Jahreszeit reisen, kann Ihnen unser erfahrener Vogelkundler diese pr\u00e4chtigen V\u00f6gel zeigen. Bei der Vogelbeobachtung werden Sie sicherlich auch viele weitere, in Armenien heimische Wildtierarten entdecken. So wird Ihr Aufenthalt bei uns zu einem unvergesslichen Erlebnis in der freien Natur.<\/p>\n<p><span class=\"image-placeholder video\" style=\"padding-bottom:56.25000000%\"><video controls class=\"video-js-el vjs-default-skin vjs-minimal-skin\" width=\"560\" height=\"315\" data-vsetup=\"{&quot;techOrder&quot;:[&quot;youtube&quot;],&quot;sources&quot;:[{&quot;type&quot;:&quot;video\\\/youtube&quot;,&quot;src&quot;:&quot;https:\\\/\\\/www.youtube.com\\\/watch?v=ZR4AZwfy7b4&amp;t=23s&quot;}],&quot;youtube&quot;:{&quot;iv_load_policy&quot;:1,&quot;ytControls&quot;:3,&quot;customVars&quot;:{&quot;wmode&quot;:&quot;transparent&quot;,&quot;controls&quot;:0},&quot;enablePrivacyEnhancedMode&quot;:&quot;true&quot;}}\" preload=\"auto\" playsinline=\"playsinline\"><\/video><\/span><\/p>","protected":false},"excerpt":{"rendered":"<p>349 Vogelarten, 18 der 29 Ordnungen und 58 der insgesamt 187 Vogelfamilien. Armenien ist ein Traumurlaubsziel f\u00fcr jeden Hobby-Vogelbeobachter oder Ornithologen.<\/p>\n","protected":false},"featured_media":2694,"template":"","meta":{"_acf_changed":false},"product_brand":[],"product_cat":[26],"product_tag":[],"class_list":{"0":"post-4353","1":"product","2":"type-product","3":"status-publish","4":"has-post-thumbnail","6":"product_cat-uncategorized","8":"first","9":"instock","10":"virtual","11":"sold-individually","12":"purchasable","13":"product-type-booking","15":"catalog-layout-default","16":"columns-xs-2"},"acf":[],"yoast_head":"<!-- This site is optimized with the Yoast SEO plugin v27.1.1 - https:\/\/yoast.com\/product\/yoast-seo-wordpress\/ -->\n<title>Vogelbeobachtung - SET<\/title>\n<meta name=\"robots\" content=\"index, follow, max-snippet:-1, max-image-preview:large, max-video-preview:-1\" \/>\n<link rel=\"canonical\" href=\"https:\/\/set.am\/de\/product\/birdwatching\/\" \/>\n<meta property=\"og:locale\" content=\"de_DE\" \/>\n<meta property=\"og:type\" content=\"article\" \/>\n<meta property=\"og:title\" content=\"Vogelbeobachtung - SET\" \/>\n<meta property=\"og:description\" content=\"349 Vogelarten, 18 der 29 Ordnungen und 58 der insgesamt 187 Vogelfamilien. Armenien ist ein Traumurlaubsziel f\u00fcr jeden Hobby-Vogelbeobachter oder Ornithologen.\" \/>\n<meta property=\"og:url\" content=\"https:\/\/set.am\/de\/product\/birdwatching\/\" \/>\n<meta property=\"og:site_name\" content=\"SET\" \/>\n<meta property=\"article:publisher\" content=\"https:\/\/www.facebook.com\/SET.SunChild.EcoTours\" \/>\n<meta property=\"article:modified_time\" content=\"2026-03-18T11:46:28+00:00\" \/>\n<meta property=\"og:image\" content=\"https:\/\/set.am\/wp-content\/uploads\/2017\/06\/bird_featimage.jpg\" \/>\n\t<meta property=\"og:image:width\" content=\"1000\" \/>\n\t<meta property=\"og:image:height\" content=\"621\" \/>\n\t<meta property=\"og:image:type\" content=\"image\/jpeg\" \/>\n<meta name=\"twitter:card\" content=\"summary_large_image\" \/>\n<meta name=\"twitter:label1\" content=\"Gesch\u00e4tzte Lesezeit\" \/>\n\t<meta name=\"twitter:data1\" content=\"1\u00a0Minute\" \/>\n<script type=\"application\/ld+json\" class=\"yoast-schema-graph\">{\"@context\":\"https:\/\/schema.org\",\"@graph\":[{\"@type\":\"WebPage\",\"@id\":\"https:\/\/set.am\/de\/product\/birdwatching\/\",\"url\":\"https:\/\/set.am\/de\/product\/birdwatching\/\",\"name\":\"Vogelbeobachtung - SET\",\"isPartOf\":{\"@id\":\"https:\/\/set.am\/de\/#website\"},\"primaryImageOfPage\":{\"@id\":\"https:\/\/set.am\/de\/product\/birdwatching\/#primaryimage\"},\"image\":{\"@id\":\"https:\/\/set.am\/de\/product\/birdwatching\/#primaryimage\"},\"thumbnailUrl\":\"https:\/\/set.am\/wp-content\/uploads\/2017\/06\/bird_featimage.jpg\",\"datePublished\":\"2026-03-17T13:48:36+00:00\",\"dateModified\":\"2026-03-18T11:46:28+00:00\",\"breadcrumb\":{\"@id\":\"https:\/\/set.am\/de\/product\/birdwatching\/#breadcrumb\"},\"inLanguage\":\"de\",\"potentialAction\":[{\"@type\":\"ReadAction\",\"target\":[[\"https:\/\/set.am\/de\/product\/birdwatching\/\"]]}]},{\"@type\":\"ImageObject\",\"inLanguage\":\"de\",\"@id\":\"https:\/\/set.am\/de\/product\/birdwatching\/#primaryimage\",\"url\":\"https:\/\/set.am\/wp-content\/uploads\/2017\/06\/bird_featimage.jpg\",\"contentUrl\":\"https:\/\/set.am\/wp-content\/uploads\/2017\/06\/bird_featimage.jpg\",\"width\":1000,\"height\":621},{\"@type\":\"BreadcrumbList\",\"@id\":\"https:\/\/set.am\/de\/product\/birdwatching\/#breadcrumb\",\"itemListElement\":[{\"@type\":\"ListItem\",\"position\":1,\"name\":\"\u0413\u043b\u0430\u0432\u043d\u0430\u044f \u0441\u0442\u0440\u0430\u043d\u0438\u0446\u0430\",\"item\":\"https:\/\/set.am\/de\/\"},{\"@type\":\"ListItem\",\"position\":2,\"name\":\"Shop\",\"item\":\"https:\/\/set.am\/de\/shop\/\"},{\"@type\":\"ListItem\",\"position\":3,\"name\":\"Birdwatching\"}]},{\"@type\":\"WebSite\",\"@id\":\"https:\/\/set.am\/de\/#website\",\"url\":\"https:\/\/set.am\/de\/\",\"name\":\"SET\",\"description\":\"SunChild Eco tours\",\"publisher\":{\"@id\":\"https:\/\/set.am\/de\/#organization\"},\"potentialAction\":[{\"@type\":\"SearchAction\",\"target\":{\"@type\":\"EntryPoint\",\"urlTemplate\":\"https:\/\/set.am\/de\/?s={search_term_string}\"},\"query-input\":{\"@type\":\"PropertyValueSpecification\",\"valueRequired\":true,\"valueName\":\"search_term_string\"}}],\"inLanguage\":\"de\"},{\"@type\":\"Organization\",\"@id\":\"https:\/\/set.am\/de\/#organization\",\"name\":\"SET\",\"url\":\"https:\/\/set.am\/de\/\",\"logo\":{\"@type\":\"ImageObject\",\"inLanguage\":\"de\",\"@id\":\"https:\/\/set.am\/de\/#\/schema\/logo\/image\/\",\"url\":\"https:\/\/set.am\/wp-content\/uploads\/2025\/04\/set.webp\",\"contentUrl\":\"https:\/\/set.am\/wp-content\/uploads\/2025\/04\/set.webp\",\"width\":220,\"height\":181,\"caption\":\"SET\"},\"image\":{\"@id\":\"https:\/\/set.am\/de\/#\/schema\/logo\/image\/\"},\"sameAs\":[\"https:\/\/www.facebook.com\/SET.SunChild.EcoTours\"]}]}<\/script>\n<!-- \/ Yoast SEO plugin. -->","yoast_head_json":{"title":"Vogelbeobachtung - SET","robots":{"index":"index","follow":"follow","max-snippet":"max-snippet:-1","max-image-preview":"max-image-preview:large","max-video-preview":"max-video-preview:-1"},"canonical":"https:\/\/set.am\/de\/product\/birdwatching\/","og_locale":"de_DE","og_type":"article","og_title":"Vogelbeobachtung - SET","og_description":"349 Vogelarten, 18 der 29 Ordnungen und 58 der insgesamt 187 Vogelfamilien. Armenien ist ein Traumurlaubsziel f\u00fcr jeden Hobby-Vogelbeobachter oder Ornithologen.","og_url":"https:\/\/set.am\/de\/product\/birdwatching\/","og_site_name":"SET","article_publisher":"https:\/\/www.facebook.com\/SET.SunChild.EcoTours","article_modified_time":"2026-03-18T11:46:28+00:00","og_image":[{"width":1000,"height":621,"url":"https:\/\/set.am\/wp-content\/uploads\/2017\/06\/bird_featimage.jpg","type":"image\/jpeg"}],"twitter_card":"summary_large_image","twitter_misc":{"Gesch\u00e4tzte Lesezeit":"1\u00a0Minute"},"schema":{"@context":"https:\/\/schema.org","@graph":[{"@type":"WebPage","@id":"https:\/\/set.am\/de\/product\/birdwatching\/","url":"https:\/\/set.am\/de\/product\/birdwatching\/","name":"Vogelbeobachtung - SET","isPartOf":{"@id":"https:\/\/set.am\/de\/#website"},"primaryImageOfPage":{"@id":"https:\/\/set.am\/de\/product\/birdwatching\/#primaryimage"},"image":{"@id":"https:\/\/set.am\/de\/product\/birdwatching\/#primaryimage"},"thumbnailUrl":"https:\/\/set.am\/wp-content\/uploads\/2017\/06\/bird_featimage.jpg","datePublished":"2026-03-17T13:48:36+00:00","dateModified":"2026-03-18T11:46:28+00:00","breadcrumb":{"@id":"https:\/\/set.am\/de\/product\/birdwatching\/#breadcrumb"},"inLanguage":"de","potentialAction":[{"@type":"ReadAction","target":[["https:\/\/set.am\/de\/product\/birdwatching\/"]]}]},{"@type":"ImageObject","inLanguage":"de","@id":"https:\/\/set.am\/de\/product\/birdwatching\/#primaryimage","url":"https:\/\/set.am\/wp-content\/uploads\/2017\/06\/bird_featimage.jpg","contentUrl":"https:\/\/set.am\/wp-content\/uploads\/2017\/06\/bird_featimage.jpg","width":1000,"height":621},{"@type":"BreadcrumbList","@id":"https:\/\/set.am\/de\/product\/birdwatching\/#breadcrumb","itemListElement":[{"@type":"ListItem","position":1,"name":"\u0413\u043b\u0430\u0432\u043d\u0430\u044f \u0441\u0442\u0440\u0430\u043d\u0438\u0446\u0430","item":"https:\/\/set.am\/de\/"},{"@type":"ListItem","position":2,"name":"Shop","item":"https:\/\/set.am\/de\/shop\/"},{"@type":"ListItem","position":3,"name":"Birdwatching"}]},{"@type":"WebSite","@id":"https:\/\/set.am\/de\/#website","url":"https:\/\/set.am\/de\/","name":"SET","description":"SunChild Eco tours","publisher":{"@id":"https:\/\/set.am\/de\/#organization"},"potentialAction":[{"@type":"SearchAction","target":{"@type":"EntryPoint","urlTemplate":"https:\/\/set.am\/de\/?s={search_term_string}"},"query-input":{"@type":"PropertyValueSpecification","valueRequired":true,"valueName":"search_term_string"}}],"inLanguage":"de"},{"@type":"Organization","@id":"https:\/\/set.am\/de\/#organization","name":"SET","url":"https:\/\/set.am\/de\/","logo":{"@type":"ImageObject","inLanguage":"de","@id":"https:\/\/set.am\/de\/#\/schema\/logo\/image\/","url":"https:\/\/set.am\/wp-content\/uploads\/2025\/04\/set.webp","contentUrl":"https:\/\/set.am\/wp-content\/uploads\/2025\/04\/set.webp","width":220,"height":181,"caption":"SET"},"image":{"@id":"https:\/\/set.am\/de\/#\/schema\/logo\/image\/"},"sameAs":["https:\/\/www.facebook.com\/SET.SunChild.EcoTours"]}]}},"_links":{"self":[{"href":"https:\/\/set.am\/de\/wp-json\/wp\/v2\/product\/4353","targetHints":{"allow":["GET"]}}],"collection":[{"href":"https:\/\/set.am\/de\/wp-json\/wp\/v2\/product"}],"about":[{"href":"https:\/\/set.am\/de\/wp-json\/wp\/v2\/types\/product"}],"wp:featuredmedia":[{"embeddable":true,"href":"https:\/\/set.am\/de\/wp-json\/wp\/v2\/media\/2694"}],"wp:attachment":[{"href":"https:\/\/set.am\/de\/wp-json\/wp\/v2\/media?parent=4353"}],"wp:term":[{"taxonomy":"product_brand","embeddable":true,"href":"https:\/\/set.am\/de\/wp-json\/wp\/v2\/product_brand?post=4353"},{"taxonomy":"product_cat","embeddable":true,"href":"https:\/\/set.am\/de\/wp-json\/wp\/v2\/product_cat?post=4353"},{"taxonomy":"product_tag","embeddable":true,"href":"https:\/\/set.am\/de\/wp-json\/wp\/v2\/product_tag?post=4353"}],"curies":[{"name":"wp","href":"https:\/\/api.w.org\/{rel}","templated":true}]}}