{"id":3417,"date":"2023-05-10T09:18:44","date_gmt":"2023-05-10T09:18:44","guid":{"rendered":"https:\/\/set.am\/?post_type=product&#038;p=3417"},"modified":"2026-01-09T07:02:38","modified_gmt":"2026-01-09T07:02:38","slug":"gyulagarak-glamping-pods","status":"publish","type":"product","link":"https:\/\/set.am\/de\/product\/gyulagarak-glamping-pods\/","title":{"rendered":"Gyulagarak (neben dem Stepanavan Dendropark)"},"content":{"rendered":"","protected":false},"excerpt":{"rendered":"<p>Bald werden unsere f\u00fcnf luxuri\u00f6sen Glamping-Zelte in Gulagarak fertig sein, die f\u00fcr alle gedacht sind, die von der klassischen Hotelkultur m\u00fcde sind und versuchen, Komfort und Entspannung in einer nat\u00fcrlichen, l\u00e4ndlichen Umgebung zu finden. Dieses alte armenische Dorf zeichnet sich durch seine dichten gr\u00fcnen W\u00e4lder aus, durch die der Gargar-Fluss flie\u00dft. Mitten in dieser bezaubernden Umgebung befinden sich unsere Glamping-Pods, die mit nachhaltigen Annehmlichkeiten und Solarheizanlagen ausgestattet sind.<\/p>\n<p>Sie k\u00f6nnen Ihren Tag mit einem k\u00f6stlichen und gesunden hausgemachten Fr\u00fchst\u00fcck beginnen, dann ein E-Bike nehmen und Ihre abenteuerlichen Entdeckungen im \u201eDendropark\u201c starten.<\/p>\n<p>Die Umgebung von Gulagarak ist auch aus historischer und kultureller Sicht attraktiv: das Dorf Tormakadur mit seiner Tormak-Kirche (6. Jahrhundert), die Saint Gevorg-Kapelle (4. bis 5. Jahrhundert) und die Gyulagarak-Kirche (19. Jahrhundert).<\/p>\n<p>Als unsere erste Unterkunft au\u00dferhalb des Kaukasus-Wildschutzgebiets (CWR) wurde Gulagarak nicht nur wegen seiner nat\u00fcrlichen Sch\u00f6nheit als Glamping-Ziel gew\u00e4hlt. Als soziales Unternehmen wird SunChild Eco Tours die Reinigung des Gargar-Flusses \u00fcbernehmen.<\/p>\n<p>\u201eSunchild Eco Tours\u201c wurde vom EU4Business-Projekt \u201eInnovative Tourism and Technology Development for Armenia (ITTD)\u201c unterst\u00fctzt, das von der Europ\u00e4ischen Union und dem Bundesministerium f\u00fcr wirtschaftliche Zusammenarbeit und Entwicklung (BMZ) mitfinanziert und von der GIZ umgesetzt wurde.<\/p>\n","protected":false},"featured_media":3846,"template":"","meta":{"_acf_changed":false},"product_brand":[],"product_cat":[27],"product_tag":[],"class_list":{"0":"post-3417","1":"product","2":"type-product","3":"status-publish","4":"has-post-thumbnail","6":"product_cat-lodges","7":"yith_booking_service-breakfast","8":"yith_booking_service-dinner","9":"yith_booking_service-lunch","11":"first","12":"instock","13":"sold-individually","14":"shipping-taxable","15":"purchasable","16":"product-type-booking","18":"catalog-layout-default","19":"columns-xs-2"},"acf":[],"yoast_head":"<!-- This site is optimized with the Yoast SEO plugin v27.1.1 - https:\/\/yoast.com\/product\/yoast-seo-wordpress\/ -->\n<title>Gyulagarak (neben dem Stepanavan Dendropark) - SET<\/title>\n<meta name=\"description\" content=\"\u041e\u0442\u043a\u0440\u043e\u0439\u0442\u0435 \u0434\u043b\u044f \u0441\u0435\u0431\u044f \u043d\u0430\u0448\u0438 \u0440\u043e\u0441\u043a\u043e\u0448\u043d\u044b\u0435 \u0433\u043b\u044d\u043c\u043f\u0438\u043d\u0433-\u043f\u0430\u043b\u0430\u0442\u043a\u0438 \u0432 \u0413\u0443\u043b\u0430\u0433\u0430\u0440\u0430\u043a\u0435, \u0436\u0438\u0432\u043e\u043f\u0438\u0441\u043d\u043e\u0439 \u0430\u0440\u043c\u044f\u043d\u0441\u043a\u043e\u0439 \u0434\u0435\u0440\u0435\u0432\u043d\u0435. \u041d\u0430\u0441\u043b\u0430\u0436\u0434\u0430\u0439\u0442\u0435\u0441\u044c \u044d\u043a\u043e\u043b\u043e\u0433\u0438\u0447\u043d\u044b\u043c\u0438 \u0443\u0434\u043e\u0431\u0441\u0442\u0432\u0430\u043c\u0438, \u0441\u043e\u043b\u043d\u0435\u0447\u043d\u044b\u043c \u043e\u0442\u043e\u043f\u043b\u0435\u043d\u0438\u0435\u043c \u0438 \u0437\u0434\u043e\u0440\u043e\u0432\u044b\u043c \u0437\u0430\u0432\u0442\u0440\u0430\u043a\u043e\u043c. \u0418\u0441\u0441\u043b\u0435\u0434\u0443\u0439\u0442\u0435 \u0414\u0435\u043d\u0434\u0440\u043e\u043f\u0430\u0440\u043a \u0438 \u0438\u0441\u0442\u043e\u0440\u0438\u0447\u0435\u0441\u043a\u0438\u0435 \u043f\u0430\u043c\u044f\u0442\u043d\u0438\u043a\u0438. \u041f\u043e\u0434\u0434\u0435\u0440\u0436\u0430\u043d\u043e SunChild Eco Tours \u0438 \u0438\u043d\u0438\u0446\u0438\u0430\u0442\u0438\u0432\u043e\u0439 EU4Business\u2024Discover our luxurious glamping tents in Gulagarak, a picturesque Armenian village. Enjoy eco-friendly amenities, solar heating, and a healthy breakfast. Explore Dendropark and historical landmarks. Supported by SunChild Eco Tours and the EU4Business initiative.\" \/>\n<meta name=\"robots\" content=\"index, follow, max-snippet:-1, max-image-preview:large, max-video-preview:-1\" \/>\n<link rel=\"canonical\" href=\"https:\/\/set.am\/de\/product\/gyulagarak-glamping-pods\/\" \/>\n<meta property=\"og:locale\" content=\"de_DE\" \/>\n<meta property=\"og:type\" content=\"article\" \/>\n<meta property=\"og:title\" content=\"Gyulagarak (neben dem Stepanavan Dendropark) - SET\" \/>\n<meta property=\"og:description\" content=\"\u041e\u0442\u043a\u0440\u043e\u0439\u0442\u0435 \u0434\u043b\u044f \u0441\u0435\u0431\u044f \u043d\u0430\u0448\u0438 \u0440\u043e\u0441\u043a\u043e\u0448\u043d\u044b\u0435 \u0433\u043b\u044d\u043c\u043f\u0438\u043d\u0433-\u043f\u0430\u043b\u0430\u0442\u043a\u0438 \u0432 \u0413\u0443\u043b\u0430\u0433\u0430\u0440\u0430\u043a\u0435, \u0436\u0438\u0432\u043e\u043f\u0438\u0441\u043d\u043e\u0439 \u0430\u0440\u043c\u044f\u043d\u0441\u043a\u043e\u0439 \u0434\u0435\u0440\u0435\u0432\u043d\u0435. \u041d\u0430\u0441\u043b\u0430\u0436\u0434\u0430\u0439\u0442\u0435\u0441\u044c \u044d\u043a\u043e\u043b\u043e\u0433\u0438\u0447\u043d\u044b\u043c\u0438 \u0443\u0434\u043e\u0431\u0441\u0442\u0432\u0430\u043c\u0438, \u0441\u043e\u043b\u043d\u0435\u0447\u043d\u044b\u043c \u043e\u0442\u043e\u043f\u043b\u0435\u043d\u0438\u0435\u043c \u0438 \u0437\u0434\u043e\u0440\u043e\u0432\u044b\u043c \u0437\u0430\u0432\u0442\u0440\u0430\u043a\u043e\u043c. \u0418\u0441\u0441\u043b\u0435\u0434\u0443\u0439\u0442\u0435 \u0414\u0435\u043d\u0434\u0440\u043e\u043f\u0430\u0440\u043a \u0438 \u0438\u0441\u0442\u043e\u0440\u0438\u0447\u0435\u0441\u043a\u0438\u0435 \u043f\u0430\u043c\u044f\u0442\u043d\u0438\u043a\u0438. \u041f\u043e\u0434\u0434\u0435\u0440\u0436\u0430\u043d\u043e SunChild Eco Tours \u0438 \u0438\u043d\u0438\u0446\u0438\u0430\u0442\u0438\u0432\u043e\u0439 EU4Business\u2024Discover our luxurious glamping tents in Gulagarak, a picturesque Armenian village. Enjoy eco-friendly amenities, solar heating, and a healthy breakfast. Explore Dendropark and historical landmarks. Supported by SunChild Eco Tours and the EU4Business initiative.\" \/>\n<meta property=\"og:url\" content=\"https:\/\/set.am\/de\/product\/gyulagarak-glamping-pods\/\" \/>\n<meta property=\"og:site_name\" content=\"SET\" \/>\n<meta property=\"article:publisher\" content=\"https:\/\/www.facebook.com\/SET.SunChild.EcoTours\" \/>\n<meta property=\"article:modified_time\" content=\"2026-01-09T07:02:38+00:00\" \/>\n<meta property=\"og:image\" content=\"https:\/\/set.am\/wp-content\/uploads\/2023\/05\/Gyulagarak_cover_photo.png\" \/>\n\t<meta property=\"og:image:width\" content=\"1280\" \/>\n\t<meta property=\"og:image:height\" content=\"720\" \/>\n\t<meta property=\"og:image:type\" content=\"image\/png\" \/>\n<meta name=\"twitter:card\" content=\"summary_large_image\" \/>\n<meta name=\"twitter:label1\" content=\"Gesch\u00e4tzte Lesezeit\" \/>\n\t<meta name=\"twitter:data1\" content=\"1\u00a0Minute\" \/>\n<script type=\"application\/ld+json\" class=\"yoast-schema-graph\">{\"@context\":\"https:\/\/schema.org\",\"@graph\":[{\"@type\":\"WebPage\",\"@id\":\"https:\/\/set.am\/de\/product\/gyulagarak-glamping-pods\/\",\"url\":\"https:\/\/set.am\/de\/product\/gyulagarak-glamping-pods\/\",\"name\":\"Gyulagarak (neben dem Stepanavan Dendropark) - SET\",\"isPartOf\":{\"@id\":\"https:\/\/set.am\/de\/#website\"},\"primaryImageOfPage\":{\"@id\":\"https:\/\/set.am\/de\/product\/gyulagarak-glamping-pods\/#primaryimage\"},\"image\":{\"@id\":\"https:\/\/set.am\/de\/product\/gyulagarak-glamping-pods\/#primaryimage\"},\"thumbnailUrl\":\"https:\/\/set.am\/wp-content\/uploads\/2023\/05\/Gyulagarak_cover_photo.png\",\"datePublished\":\"2023-05-10T09:18:44+00:00\",\"dateModified\":\"2026-01-09T07:02:38+00:00\",\"description\":\"\u041e\u0442\u043a\u0440\u043e\u0439\u0442\u0435 \u0434\u043b\u044f \u0441\u0435\u0431\u044f \u043d\u0430\u0448\u0438 \u0440\u043e\u0441\u043a\u043e\u0448\u043d\u044b\u0435 \u0433\u043b\u044d\u043c\u043f\u0438\u043d\u0433-\u043f\u0430\u043b\u0430\u0442\u043a\u0438 \u0432 \u0413\u0443\u043b\u0430\u0433\u0430\u0440\u0430\u043a\u0435, \u0436\u0438\u0432\u043e\u043f\u0438\u0441\u043d\u043e\u0439 \u0430\u0440\u043c\u044f\u043d\u0441\u043a\u043e\u0439 \u0434\u0435\u0440\u0435\u0432\u043d\u0435. \u041d\u0430\u0441\u043b\u0430\u0436\u0434\u0430\u0439\u0442\u0435\u0441\u044c \u044d\u043a\u043e\u043b\u043e\u0433\u0438\u0447\u043d\u044b\u043c\u0438 \u0443\u0434\u043e\u0431\u0441\u0442\u0432\u0430\u043c\u0438, \u0441\u043e\u043b\u043d\u0435\u0447\u043d\u044b\u043c \u043e\u0442\u043e\u043f\u043b\u0435\u043d\u0438\u0435\u043c \u0438 \u0437\u0434\u043e\u0440\u043e\u0432\u044b\u043c \u0437\u0430\u0432\u0442\u0440\u0430\u043a\u043e\u043c. \u0418\u0441\u0441\u043b\u0435\u0434\u0443\u0439\u0442\u0435 \u0414\u0435\u043d\u0434\u0440\u043e\u043f\u0430\u0440\u043a \u0438 \u0438\u0441\u0442\u043e\u0440\u0438\u0447\u0435\u0441\u043a\u0438\u0435 \u043f\u0430\u043c\u044f\u0442\u043d\u0438\u043a\u0438. \u041f\u043e\u0434\u0434\u0435\u0440\u0436\u0430\u043d\u043e SunChild Eco Tours \u0438 \u0438\u043d\u0438\u0446\u0438\u0430\u0442\u0438\u0432\u043e\u0439 EU4Business\u2024Discover our luxurious glamping tents in Gulagarak, a picturesque Armenian village. Enjoy eco-friendly amenities, solar heating, and a healthy breakfast. Explore Dendropark and historical landmarks. Supported by SunChild Eco Tours and the EU4Business initiative.\",\"breadcrumb\":{\"@id\":\"https:\/\/set.am\/de\/product\/gyulagarak-glamping-pods\/#breadcrumb\"},\"inLanguage\":\"de\",\"potentialAction\":[{\"@type\":\"ReadAction\",\"target\":[[\"https:\/\/set.am\/de\/product\/gyulagarak-glamping-pods\/\"]]}]},{\"@type\":\"ImageObject\",\"inLanguage\":\"de\",\"@id\":\"https:\/\/set.am\/de\/product\/gyulagarak-glamping-pods\/#primaryimage\",\"url\":\"https:\/\/set.am\/wp-content\/uploads\/2023\/05\/Gyulagarak_cover_photo.png\",\"contentUrl\":\"https:\/\/set.am\/wp-content\/uploads\/2023\/05\/Gyulagarak_cover_photo.png\",\"width\":1280,\"height\":720},{\"@type\":\"BreadcrumbList\",\"@id\":\"https:\/\/set.am\/de\/product\/gyulagarak-glamping-pods\/#breadcrumb\",\"itemListElement\":[{\"@type\":\"ListItem\",\"position\":1,\"name\":\"\u0413\u043b\u0430\u0432\u043d\u0430\u044f \u0441\u0442\u0440\u0430\u043d\u0438\u0446\u0430\",\"item\":\"https:\/\/set.am\/de\/\"},{\"@type\":\"ListItem\",\"position\":2,\"name\":\"Shop\",\"item\":\"https:\/\/set.am\/de\/shop\/\"},{\"@type\":\"ListItem\",\"position\":3,\"name\":\"Gyulagarak (next to Stepanavan Dendropark)\"}]},{\"@type\":\"WebSite\",\"@id\":\"https:\/\/set.am\/de\/#website\",\"url\":\"https:\/\/set.am\/de\/\",\"name\":\"SET\",\"description\":\"SunChild Eco tours\",\"publisher\":{\"@id\":\"https:\/\/set.am\/de\/#organization\"},\"potentialAction\":[{\"@type\":\"SearchAction\",\"target\":{\"@type\":\"EntryPoint\",\"urlTemplate\":\"https:\/\/set.am\/de\/?s={search_term_string}\"},\"query-input\":{\"@type\":\"PropertyValueSpecification\",\"valueRequired\":true,\"valueName\":\"search_term_string\"}}],\"inLanguage\":\"de\"},{\"@type\":\"Organization\",\"@id\":\"https:\/\/set.am\/de\/#organization\",\"name\":\"SET\",\"url\":\"https:\/\/set.am\/de\/\",\"logo\":{\"@type\":\"ImageObject\",\"inLanguage\":\"de\",\"@id\":\"https:\/\/set.am\/de\/#\/schema\/logo\/image\/\",\"url\":\"https:\/\/set.am\/wp-content\/uploads\/2025\/04\/set.webp\",\"contentUrl\":\"https:\/\/set.am\/wp-content\/uploads\/2025\/04\/set.webp\",\"width\":220,\"height\":181,\"caption\":\"SET\"},\"image\":{\"@id\":\"https:\/\/set.am\/de\/#\/schema\/logo\/image\/\"},\"sameAs\":[\"https:\/\/www.facebook.com\/SET.SunChild.EcoTours\"]}]}<\/script>\n<!-- \/ Yoast SEO plugin. -->","yoast_head_json":{"title":"Gyulagarak (neben dem Stepanavan Dendropark) - SET","description":"\u041e\u0442\u043a\u0440\u043e\u0439\u0442\u0435 \u0434\u043b\u044f \u0441\u0435\u0431\u044f \u043d\u0430\u0448\u0438 \u0440\u043e\u0441\u043a\u043e\u0448\u043d\u044b\u0435 \u0433\u043b\u044d\u043c\u043f\u0438\u043d\u0433-\u043f\u0430\u043b\u0430\u0442\u043a\u0438 \u0432 \u0413\u0443\u043b\u0430\u0433\u0430\u0440\u0430\u043a\u0435, \u0436\u0438\u0432\u043e\u043f\u0438\u0441\u043d\u043e\u0439 \u0430\u0440\u043c\u044f\u043d\u0441\u043a\u043e\u0439 \u0434\u0435\u0440\u0435\u0432\u043d\u0435. \u041d\u0430\u0441\u043b\u0430\u0436\u0434\u0430\u0439\u0442\u0435\u0441\u044c \u044d\u043a\u043e\u043b\u043e\u0433\u0438\u0447\u043d\u044b\u043c\u0438 \u0443\u0434\u043e\u0431\u0441\u0442\u0432\u0430\u043c\u0438, \u0441\u043e\u043b\u043d\u0435\u0447\u043d\u044b\u043c \u043e\u0442\u043e\u043f\u043b\u0435\u043d\u0438\u0435\u043c \u0438 \u0437\u0434\u043e\u0440\u043e\u0432\u044b\u043c \u0437\u0430\u0432\u0442\u0440\u0430\u043a\u043e\u043c. \u0418\u0441\u0441\u043b\u0435\u0434\u0443\u0439\u0442\u0435 \u0414\u0435\u043d\u0434\u0440\u043e\u043f\u0430\u0440\u043a \u0438 \u0438\u0441\u0442\u043e\u0440\u0438\u0447\u0435\u0441\u043a\u0438\u0435 \u043f\u0430\u043c\u044f\u0442\u043d\u0438\u043a\u0438. \u041f\u043e\u0434\u0434\u0435\u0440\u0436\u0430\u043d\u043e SunChild Eco Tours \u0438 \u0438\u043d\u0438\u0446\u0438\u0430\u0442\u0438\u0432\u043e\u0439 EU4Business\u2024Discover our luxurious glamping tents in Gulagarak, a picturesque Armenian village. Enjoy eco-friendly amenities, solar heating, and a healthy breakfast. Explore Dendropark and historical landmarks. Supported by SunChild Eco Tours and the EU4Business initiative.","robots":{"index":"index","follow":"follow","max-snippet":"max-snippet:-1","max-image-preview":"max-image-preview:large","max-video-preview":"max-video-preview:-1"},"canonical":"https:\/\/set.am\/de\/product\/gyulagarak-glamping-pods\/","og_locale":"de_DE","og_type":"article","og_title":"Gyulagarak (neben dem Stepanavan Dendropark) - SET","og_description":"\u041e\u0442\u043a\u0440\u043e\u0439\u0442\u0435 \u0434\u043b\u044f \u0441\u0435\u0431\u044f \u043d\u0430\u0448\u0438 \u0440\u043e\u0441\u043a\u043e\u0448\u043d\u044b\u0435 \u0433\u043b\u044d\u043c\u043f\u0438\u043d\u0433-\u043f\u0430\u043b\u0430\u0442\u043a\u0438 \u0432 \u0413\u0443\u043b\u0430\u0433\u0430\u0440\u0430\u043a\u0435, \u0436\u0438\u0432\u043e\u043f\u0438\u0441\u043d\u043e\u0439 \u0430\u0440\u043c\u044f\u043d\u0441\u043a\u043e\u0439 \u0434\u0435\u0440\u0435\u0432\u043d\u0435. \u041d\u0430\u0441\u043b\u0430\u0436\u0434\u0430\u0439\u0442\u0435\u0441\u044c \u044d\u043a\u043e\u043b\u043e\u0433\u0438\u0447\u043d\u044b\u043c\u0438 \u0443\u0434\u043e\u0431\u0441\u0442\u0432\u0430\u043c\u0438, \u0441\u043e\u043b\u043d\u0435\u0447\u043d\u044b\u043c \u043e\u0442\u043e\u043f\u043b\u0435\u043d\u0438\u0435\u043c \u0438 \u0437\u0434\u043e\u0440\u043e\u0432\u044b\u043c \u0437\u0430\u0432\u0442\u0440\u0430\u043a\u043e\u043c. \u0418\u0441\u0441\u043b\u0435\u0434\u0443\u0439\u0442\u0435 \u0414\u0435\u043d\u0434\u0440\u043e\u043f\u0430\u0440\u043a \u0438 \u0438\u0441\u0442\u043e\u0440\u0438\u0447\u0435\u0441\u043a\u0438\u0435 \u043f\u0430\u043c\u044f\u0442\u043d\u0438\u043a\u0438. \u041f\u043e\u0434\u0434\u0435\u0440\u0436\u0430\u043d\u043e SunChild Eco Tours \u0438 \u0438\u043d\u0438\u0446\u0438\u0430\u0442\u0438\u0432\u043e\u0439 EU4Business\u2024Discover our luxurious glamping tents in Gulagarak, a picturesque Armenian village. Enjoy eco-friendly amenities, solar heating, and a healthy breakfast. Explore Dendropark and historical landmarks. Supported by SunChild Eco Tours and the EU4Business initiative.","og_url":"https:\/\/set.am\/de\/product\/gyulagarak-glamping-pods\/","og_site_name":"SET","article_publisher":"https:\/\/www.facebook.com\/SET.SunChild.EcoTours","article_modified_time":"2026-01-09T07:02:38+00:00","og_image":[{"width":1280,"height":720,"url":"https:\/\/set.am\/wp-content\/uploads\/2023\/05\/Gyulagarak_cover_photo.png","type":"image\/png"}],"twitter_card":"summary_large_image","twitter_misc":{"Gesch\u00e4tzte Lesezeit":"1\u00a0Minute"},"schema":{"@context":"https:\/\/schema.org","@graph":[{"@type":"WebPage","@id":"https:\/\/set.am\/de\/product\/gyulagarak-glamping-pods\/","url":"https:\/\/set.am\/de\/product\/gyulagarak-glamping-pods\/","name":"Gyulagarak (neben dem Stepanavan Dendropark) - SET","isPartOf":{"@id":"https:\/\/set.am\/de\/#website"},"primaryImageOfPage":{"@id":"https:\/\/set.am\/de\/product\/gyulagarak-glamping-pods\/#primaryimage"},"image":{"@id":"https:\/\/set.am\/de\/product\/gyulagarak-glamping-pods\/#primaryimage"},"thumbnailUrl":"https:\/\/set.am\/wp-content\/uploads\/2023\/05\/Gyulagarak_cover_photo.png","datePublished":"2023-05-10T09:18:44+00:00","dateModified":"2026-01-09T07:02:38+00:00","description":"\u041e\u0442\u043a\u0440\u043e\u0439\u0442\u0435 \u0434\u043b\u044f \u0441\u0435\u0431\u044f \u043d\u0430\u0448\u0438 \u0440\u043e\u0441\u043a\u043e\u0448\u043d\u044b\u0435 \u0433\u043b\u044d\u043c\u043f\u0438\u043d\u0433-\u043f\u0430\u043b\u0430\u0442\u043a\u0438 \u0432 \u0413\u0443\u043b\u0430\u0433\u0430\u0440\u0430\u043a\u0435, \u0436\u0438\u0432\u043e\u043f\u0438\u0441\u043d\u043e\u0439 \u0430\u0440\u043c\u044f\u043d\u0441\u043a\u043e\u0439 \u0434\u0435\u0440\u0435\u0432\u043d\u0435. \u041d\u0430\u0441\u043b\u0430\u0436\u0434\u0430\u0439\u0442\u0435\u0441\u044c \u044d\u043a\u043e\u043b\u043e\u0433\u0438\u0447\u043d\u044b\u043c\u0438 \u0443\u0434\u043e\u0431\u0441\u0442\u0432\u0430\u043c\u0438, \u0441\u043e\u043b\u043d\u0435\u0447\u043d\u044b\u043c \u043e\u0442\u043e\u043f\u043b\u0435\u043d\u0438\u0435\u043c \u0438 \u0437\u0434\u043e\u0440\u043e\u0432\u044b\u043c \u0437\u0430\u0432\u0442\u0440\u0430\u043a\u043e\u043c. \u0418\u0441\u0441\u043b\u0435\u0434\u0443\u0439\u0442\u0435 \u0414\u0435\u043d\u0434\u0440\u043e\u043f\u0430\u0440\u043a \u0438 \u0438\u0441\u0442\u043e\u0440\u0438\u0447\u0435\u0441\u043a\u0438\u0435 \u043f\u0430\u043c\u044f\u0442\u043d\u0438\u043a\u0438. \u041f\u043e\u0434\u0434\u0435\u0440\u0436\u0430\u043d\u043e SunChild Eco Tours \u0438 \u0438\u043d\u0438\u0446\u0438\u0430\u0442\u0438\u0432\u043e\u0439 EU4Business\u2024Discover our luxurious glamping tents in Gulagarak, a picturesque Armenian village. Enjoy eco-friendly amenities, solar heating, and a healthy breakfast. Explore Dendropark and historical landmarks. Supported by SunChild Eco Tours and the EU4Business initiative.","breadcrumb":{"@id":"https:\/\/set.am\/de\/product\/gyulagarak-glamping-pods\/#breadcrumb"},"inLanguage":"de","potentialAction":[{"@type":"ReadAction","target":[["https:\/\/set.am\/de\/product\/gyulagarak-glamping-pods\/"]]}]},{"@type":"ImageObject","inLanguage":"de","@id":"https:\/\/set.am\/de\/product\/gyulagarak-glamping-pods\/#primaryimage","url":"https:\/\/set.am\/wp-content\/uploads\/2023\/05\/Gyulagarak_cover_photo.png","contentUrl":"https:\/\/set.am\/wp-content\/uploads\/2023\/05\/Gyulagarak_cover_photo.png","width":1280,"height":720},{"@type":"BreadcrumbList","@id":"https:\/\/set.am\/de\/product\/gyulagarak-glamping-pods\/#breadcrumb","itemListElement":[{"@type":"ListItem","position":1,"name":"\u0413\u043b\u0430\u0432\u043d\u0430\u044f \u0441\u0442\u0440\u0430\u043d\u0438\u0446\u0430","item":"https:\/\/set.am\/de\/"},{"@type":"ListItem","position":2,"name":"Shop","item":"https:\/\/set.am\/de\/shop\/"},{"@type":"ListItem","position":3,"name":"Gyulagarak (next to Stepanavan Dendropark)"}]},{"@type":"WebSite","@id":"https:\/\/set.am\/de\/#website","url":"https:\/\/set.am\/de\/","name":"SET","description":"SunChild Eco tours","publisher":{"@id":"https:\/\/set.am\/de\/#organization"},"potentialAction":[{"@type":"SearchAction","target":{"@type":"EntryPoint","urlTemplate":"https:\/\/set.am\/de\/?s={search_term_string}"},"query-input":{"@type":"PropertyValueSpecification","valueRequired":true,"valueName":"search_term_string"}}],"inLanguage":"de"},{"@type":"Organization","@id":"https:\/\/set.am\/de\/#organization","name":"SET","url":"https:\/\/set.am\/de\/","logo":{"@type":"ImageObject","inLanguage":"de","@id":"https:\/\/set.am\/de\/#\/schema\/logo\/image\/","url":"https:\/\/set.am\/wp-content\/uploads\/2025\/04\/set.webp","contentUrl":"https:\/\/set.am\/wp-content\/uploads\/2025\/04\/set.webp","width":220,"height":181,"caption":"SET"},"image":{"@id":"https:\/\/set.am\/de\/#\/schema\/logo\/image\/"},"sameAs":["https:\/\/www.facebook.com\/SET.SunChild.EcoTours"]}]}},"_links":{"self":[{"href":"https:\/\/set.am\/de\/wp-json\/wp\/v2\/product\/3417","targetHints":{"allow":["GET"]}}],"collection":[{"href":"https:\/\/set.am\/de\/wp-json\/wp\/v2\/product"}],"about":[{"href":"https:\/\/set.am\/de\/wp-json\/wp\/v2\/types\/product"}],"wp:featuredmedia":[{"embeddable":true,"href":"https:\/\/set.am\/de\/wp-json\/wp\/v2\/media\/3846"}],"wp:attachment":[{"href":"https:\/\/set.am\/de\/wp-json\/wp\/v2\/media?parent=3417"}],"wp:term":[{"taxonomy":"product_brand","embeddable":true,"href":"https:\/\/set.am\/de\/wp-json\/wp\/v2\/product_brand?post=3417"},{"taxonomy":"product_cat","embeddable":true,"href":"https:\/\/set.am\/de\/wp-json\/wp\/v2\/product_cat?post=3417"},{"taxonomy":"product_tag","embeddable":true,"href":"https:\/\/set.am\/de\/wp-json\/wp\/v2\/product_tag?post=3417"}],"curies":[{"name":"wp","href":"https:\/\/api.w.org\/{rel}","templated":true}]}}