{"id":2873,"date":"2019-02-18T10:10:05","date_gmt":"2019-02-18T10:10:05","guid":{"rendered":"https:\/\/set.am\/?page_id=2873"},"modified":"2024-07-04T17:43:22","modified_gmt":"2024-07-04T17:43:22","slug":"awt","status":"publish","type":"page","link":"https:\/\/set.am\/de\/awt\/","title":{"rendered":"Armenian wildlife tours"},"content":{"rendered":"<div class=\"wpb-content-wrapper\"><p>[vc_row css=&#8220;.vc_custom_1551363089771{margin-top: 5% !important;margin-bottom: 5% !important;}&#8220;][vc_column][vc_column_text]Mit Armenian Wildlife Tours (AWT) k\u00f6nnen Sie die einzigartige Artenvielfalt Armeniens erkunden. Mit Ihrer Teilnahme an unseren Touren unterst\u00fctzen Sie die Bem\u00fchungen der Foundation for the Preservation of Wildlife and Cultural Assets\u00a0 (FPWC) zum Schutz von Wildtieren und ihren Lebensr\u00e4umen.<\/p>\n<p>AWT organisiert \u00d6ko-Touren, die auf die Nahebringung der lokalen Flora und Fauna spezialisiert sind.[\/vc_column_text][\/vc_column][\/vc_row][vc_row css=&#8220;.vc_custom_1551362906961{margin-top: 5% !important;}&#8220;][vc_column width=&#8220;1\/2&#8243;][vc_custom_heading text=&#8220;Pflanzen&#8220;][vc_column_text]<\/p>\n<p class=\"Standard\"><span lang=\"DE\" style=\"font-family: 'Arial',sans-serif;\">Armenien ist ein einzigartiger Ort bez\u00fcglich seiner Flora. Die Flora des Landes ist sehr interessant und \u00e4u\u00dferst artenreich, da sie die Kreuzung v\u00f6llig verschiedener floristischer Gebiete darstellt: dem kaukasischen Gebiet, welches Teil der phytogeografischen Region Euro-Sibiriens ist, und den anatolischen und armenisch-iranischen Gebieten, welche Teil der iranisch-turanischen Region sind.<\/span><\/p>\n<p class=\"Standard\"><span lang=\"DE\" style=\"font-family: 'Arial',sans-serif;\">Durch die vertikale Zoneneinteilung wechseln sich ab 450m \u00fcber dem Meeresspiegel im \u00e4u\u00dfersten S\u00fcdosten (Meghri-Region) und 4.000m \u00fc.NN (Berg Aragats) bis in die H\u00f6henlagen der Almwiesenzone verschiedene Vegetationstypen ab.<\/span><\/p>\n<p class=\"Standard\"><span lang=\"DE\" style=\"font-family: 'Arial',sans-serif;\">Der floristische Reichtum des Landes umfasst \u00fcber 3.500 Arten, wovon mehr als 100 endemischen sind.<\/span><\/p>\n<p>[\/vc_column_text][\/vc_column][vc_column width=&#8220;1\/2&#8243;]\t\t\t<rs-module-wrap id=\"rev_slider_error_7_wrapper\">\n\t\t\t\t<rs-module id=\"rev_slider_error_7\">\n\t\t\t\t\t<div class=\"rs_error_message_box\">\n\t\t\t\t\t\t<div class=\"rs_error_message_oops\">There is nothing to show here!<\/div>\n\t\t\t\t\t\t<div class=\"rs_error_message_content\">Slider with alias Flowers AWT not found.<\/div>\n\t\t\t\t\t<\/div>\n\t\t\t\t<\/rs-module>\n\t\t\t<\/rs-module-wrap>\n\t\t\t<script>\n\t\t\t\tvar rs_eslider = document.getElementById(\"rev_slider_error_7\");\n\t\t\t\trs_eslider.style.display = \"none\";\n\t\t\t\tconsole.log(\"Slider with alias Flowers AWT not found.\");\n\t\t\t<\/script>\n[\/vc_column][\/vc_row][vc_row css=&#8220;.vc_custom_1551362898789{margin-top: 5% !important;}&#8220;][vc_column width=&#8220;1\/2&#8243;]\n\t\t\t<!-- START Birds AWT REVOLUTION SLIDER 6.7.31 --><p class=\"rs-p-wp-fix\"><\/p>\n\t\t\t<rs-module-wrap id=\"rev_slider_4_8_wrapper\" data-source=\"gallery\" style=\"visibility:hidden;background:transparent;padding:0;margin:0px auto;margin-top:0;margin-bottom:0;\">\n\t\t\t\t<rs-module id=\"rev_slider_4_8\" style=\"\" data-version=\"6.7.31\">\n\t\t\t\t\t<rs-slides style=\"overflow: hidden; position: absolute;\">\n\t\t\t\t\t\t<rs-slide style=\"position: absolute;\" data-key=\"rs-10\" data-title=\"Slide\" data-thumb=\"\/\/set.am\/wp-content\/uploads\/2019\/02\/AWT-ABOUT95-100x50.jpg\" data-anim=\"adpr:false;\">\n\t\t\t\t\t\t\t<img decoding=\"async\" src=\"\/\/set.am\/wp-content\/plugins\/revslider\/sr6\/assets\/assets\/dummy.png\" alt=\"\" title=\"Armenian wildlife tours\" class=\"rev-slidebg tp-rs-img rs-lazyload\" data-lazyload=\"\/\/set.am\/wp-content\/uploads\/2019\/02\/AWT-ABOUT95.jpg\" data-bg=\"p:center top;\" data-no-retina>\n<!---->\t\t\t\t\t<\/rs-slide>\n\t\t\t\t\t\t<rs-slide style=\"position: absolute;\" data-key=\"rs-11\" data-title=\"Slide\" data-thumb=\"\/\/set.am\/wp-content\/uploads\/2019\/02\/AWT-ABOUT98-100x50.jpg\" data-anim=\"adpr:false;\">\n\t\t\t\t\t\t\t<img decoding=\"async\" src=\"\/\/set.am\/wp-content\/plugins\/revslider\/sr6\/assets\/assets\/dummy.png\" alt=\"\" title=\"Armenian wildlife tours\" class=\"rev-slidebg tp-rs-img rs-lazyload\" data-lazyload=\"\/\/set.am\/wp-content\/uploads\/2019\/02\/AWT-ABOUT98.jpg\" data-no-retina>\n<!---->\t\t\t\t\t<\/rs-slide>\n\t\t\t\t\t\t<rs-slide style=\"position: absolute;\" data-key=\"rs-12\" data-title=\"Slide\" data-thumb=\"\/\/set.am\/wp-content\/uploads\/2019\/02\/AWT-ABOUT106-100x50.jpg\" data-anim=\"adpr:false;\">\n\t\t\t\t\t\t\t<img decoding=\"async\" src=\"\/\/set.am\/wp-content\/plugins\/revslider\/sr6\/assets\/assets\/dummy.png\" alt=\"\" title=\"Armenian wildlife tours\" class=\"rev-slidebg tp-rs-img rs-lazyload\" data-lazyload=\"\/\/set.am\/wp-content\/uploads\/2019\/02\/AWT-ABOUT106.jpg\" data-no-retina>\n<!---->\t\t\t\t\t<\/rs-slide>\n\t\t\t\t\t\t<rs-slide style=\"position: absolute;\" data-key=\"rs-13\" data-title=\"Slide\" data-thumb=\"\/\/set.am\/wp-content\/uploads\/2019\/02\/AWT-ABOUT94-100x50.jpg\" data-anim=\"adpr:false;\">\n\t\t\t\t\t\t\t<img decoding=\"async\" src=\"\/\/set.am\/wp-content\/plugins\/revslider\/sr6\/assets\/assets\/dummy.png\" alt=\"\" title=\"Armenian wildlife tours\" class=\"rev-slidebg tp-rs-img rs-lazyload\" data-lazyload=\"\/\/set.am\/wp-content\/uploads\/2019\/02\/AWT-ABOUT94.jpg\" data-no-retina>\n<!---->\t\t\t\t\t<\/rs-slide>\n\t\t\t\t\t\t<rs-slide style=\"position: absolute;\" data-key=\"rs-14\" data-title=\"Slide\" data-thumb=\"\/\/set.am\/wp-content\/uploads\/2019\/02\/AWT-ABOUT93-100x50.jpg\" data-anim=\"adpr:false;\">\n\t\t\t\t\t\t\t<img decoding=\"async\" src=\"\/\/set.am\/wp-content\/plugins\/revslider\/sr6\/assets\/assets\/dummy.png\" alt=\"\" title=\"Armenian wildlife tours\" class=\"rev-slidebg tp-rs-img rs-lazyload\" data-lazyload=\"\/\/set.am\/wp-content\/uploads\/2019\/02\/AWT-ABOUT93.jpg\" data-no-retina>\n<!---->\t\t\t\t\t<\/rs-slide>\n\t\t\t\t\t<\/rs-slides>\n\t\t\t\t<\/rs-module>\n\t\t\t\t<script>\n\t\t\t\t\tsetREVStartSize({c: 'rev_slider_4_8',rl:[1240,1024,778,480],el:[],gw:[1240],gh:[868],type:'standard',justify:'',layout:'fullwidth',mh:\"0\"});if (window.RS_MODULES!==undefined && window.RS_MODULES.modules!==undefined && window.RS_MODULES.modules[\"revslider48\"]!==undefined) {window.RS_MODULES.modules[\"revslider48\"].once = false;window.revapi4_8 = undefined;if (window.RS_MODULES.checkMinimal!==undefined) window.RS_MODULES.checkMinimal()}\n\t\t\t\t<\/script>\n\t\t\t<\/rs-module-wrap>\n\t\t\t<!-- END REVOLUTION SLIDER -->\n[\/vc_column][vc_column width=&#8220;1\/2&#8243;][vc_custom_heading text=&#8220;V\u00f6gel&#8220;][vc_column_text]<\/p>\n<p class=\"Standard\"><span lang=\"DE\" style=\"font-family: 'Arial',sans-serif;\">Armenien unterh\u00e4lt dank seiner geografischen Lage, H\u00f6henunterschiede und einzigartigen Landschaften mehr als 350 Vogelarten im Jahr. Vielf\u00e4ltige Lebensr\u00e4ume und atemberaubende Natur, von trockenen \u00d6kosystemen bis zu Almwiesen, bieten eine Vielzahl von M\u00f6glichkeiten, um eine unvergessliche Zeit mit der Beobachtung von V\u00f6geln zu verbringen.<\/span><\/p>\n<p class=\"Standard\"><span lang=\"DE\" style=\"font-family: 'Arial',sans-serif;\">Regionale endemische Arten wie das Kaspi-K\u00f6nigshuhn, das kaukasische Birkhuhn, die armenische M\u00f6we und wundersch\u00f6ne Rarit\u00e4ten wie der Wei\u00dfschwanzkiebitz, der Dornsp\u00f6tter, der Kaukasussteinschm\u00e4tzer, der Wei\u00dfkehls\u00e4nger, der Rotfl\u00fcelgimpel, Blauwangenspint usw.<\/span><\/p>\n<p>[\/vc_column_text][\/vc_column][\/vc_row][vc_row css=&#8220;.vc_custom_1551362920341{margin-top: 5% !important;}&#8220;][vc_column width=&#8220;1\/2&#8243;][vc_custom_heading text=&#8220;S\u00e4ugetiere&#8220;][vc_column_text]<\/p>\n<p class=\"Standard\"><span lang=\"DE\" style=\"font-family: 'Arial',sans-serif;\">FPWC \u00fcberwacht und sch\u00fctzt gef\u00e4hrdete S\u00e4ugetierarten und den Wildschutzkorridor in Zentral- und S\u00fcdarmenien. Die Arbeiten unserer Ranger und Wildkameras er\u00f6ffnen die M\u00f6glichkeit, diese Tiere zu finden und zu sehen.<\/span><\/p>\n<p class=\"Standard\"><span lang=\"DE\" style=\"font-family: 'Arial',sans-serif;\">Bezoar-Ziegen und syrische Braunb\u00e4ren sind am einfachsten zu entdecken. Beim Aufstieg in die subalpine Zone werden wir die M\u00f6glichkeit haben, den regional endemischen armenischen Mufflon <span style=\"background: yellow;\">(O. o. Gmelini)<\/span> zu sehen. Im Sp\u00e4therbst und Winter k\u00f6nnen wir nach Luchsen und W\u00f6lfen suchen. Das aufregendste ist nat\u00fcrlich der Persische Leopard, der ein gew\u00f6hnlicher Besucher unserer Schutzgebiete ist.<\/span><\/p>\n<p>[\/vc_column_text][\/vc_column][vc_column width=&#8220;1\/2&#8243;]\n\t\t\t<!-- START MAMMALS AWT REVOLUTION SLIDER 6.7.31 --><p class=\"rs-p-wp-fix\"><\/p>\n\t\t\t<rs-module-wrap id=\"rev_slider_5_9_wrapper\" data-source=\"gallery\" style=\"visibility:hidden;background:transparent;padding:0;margin:0px auto;margin-top:0;margin-bottom:0;\">\n\t\t\t\t<rs-module id=\"rev_slider_5_9\" style=\"\" data-version=\"6.7.31\">\n\t\t\t\t\t<rs-slides style=\"overflow: hidden; position: absolute;\">\n\t\t\t\t\t\t<rs-slide style=\"position: absolute;\" data-key=\"rs-15\" data-title=\"Slide\" data-thumb=\"\/\/set.am\/wp-content\/uploads\/2019\/02\/AWT-ABOUT103-100x50.jpg\" data-anim=\"adpr:false;\">\n\t\t\t\t\t\t\t<img decoding=\"async\" src=\"\/\/set.am\/wp-content\/plugins\/revslider\/sr6\/assets\/assets\/dummy.png\" alt=\"\" title=\"Armenian wildlife tours\" class=\"rev-slidebg tp-rs-img rs-lazyload\" data-lazyload=\"\/\/set.am\/wp-content\/uploads\/2019\/02\/AWT-ABOUT103.jpg\" data-bg=\"p:center top;\" data-no-retina>\n<!---->\t\t\t\t\t<\/rs-slide>\n\t\t\t\t\t\t<rs-slide style=\"position: absolute;\" data-key=\"rs-16\" data-title=\"Slide\" data-thumb=\"\/\/set.am\/wp-content\/uploads\/2019\/02\/AWT-ABOUT102-100x50.jpg\" data-anim=\"adpr:false;\">\n\t\t\t\t\t\t\t<img decoding=\"async\" src=\"\/\/set.am\/wp-content\/plugins\/revslider\/sr6\/assets\/assets\/dummy.png\" alt=\"\" title=\"Armenian wildlife tours\" class=\"rev-slidebg tp-rs-img rs-lazyload\" data-lazyload=\"\/\/set.am\/wp-content\/uploads\/2019\/02\/AWT-ABOUT102.jpg\" data-no-retina>\n<!---->\t\t\t\t\t<\/rs-slide>\n\t\t\t\t\t\t<rs-slide style=\"position: absolute;\" data-key=\"rs-17\" data-title=\"Slide\" data-thumb=\"\/\/set.am\/wp-content\/uploads\/2019\/02\/AWT-ABOUT97-100x50.jpg\" data-anim=\"adpr:false;\">\n\t\t\t\t\t\t\t<img decoding=\"async\" src=\"\/\/set.am\/wp-content\/plugins\/revslider\/sr6\/assets\/assets\/dummy.png\" alt=\"\" title=\"Armenian wildlife tours\" class=\"rev-slidebg tp-rs-img rs-lazyload\" data-lazyload=\"\/\/set.am\/wp-content\/uploads\/2019\/02\/AWT-ABOUT97.jpg\" data-no-retina>\n<!---->\t\t\t\t\t<\/rs-slide>\n\t\t\t\t\t\t<rs-slide style=\"position: absolute;\" data-key=\"rs-18\" data-title=\"Slide\" data-thumb=\"\/\/set.am\/wp-content\/uploads\/2019\/02\/AWT-ABOUT96-100x50.jpg\" data-anim=\"adpr:false;\">\n\t\t\t\t\t\t\t<img decoding=\"async\" src=\"\/\/set.am\/wp-content\/plugins\/revslider\/sr6\/assets\/assets\/dummy.png\" alt=\"\" title=\"Armenian wildlife tours\" class=\"rev-slidebg tp-rs-img rs-lazyload\" data-lazyload=\"\/\/set.am\/wp-content\/uploads\/2019\/02\/AWT-ABOUT96.jpg\" data-no-retina>\n<!---->\t\t\t\t\t<\/rs-slide>\n\t\t\t\t\t<\/rs-slides>\n\t\t\t\t<\/rs-module>\n\t\t\t\t<script>\n\t\t\t\t\tsetREVStartSize({c: 'rev_slider_5_9',rl:[1240,1024,778,480],el:[],gw:[1240],gh:[868],type:'standard',justify:'',layout:'fullwidth',mh:\"0\"});if (window.RS_MODULES!==undefined && window.RS_MODULES.modules!==undefined && window.RS_MODULES.modules[\"revslider59\"]!==undefined) {window.RS_MODULES.modules[\"revslider59\"].once = false;window.revapi5_9 = undefined;if (window.RS_MODULES.checkMinimal!==undefined) window.RS_MODULES.checkMinimal()}\n\t\t\t\t<\/script>\n\t\t\t<\/rs-module-wrap>\n\t\t\t<!-- END REVOLUTION SLIDER -->\n[\/vc_column][\/vc_row][vc_row css=&#8220;.vc_custom_1551363068278{margin-top: 10% !important;}&#8220;][vc_column][vc_empty_space][lab_portfolio_items portfolio_query=&#8220;size:12|order_by:date|post_type:,portfolio|by_id:2849,2970&#8243;][vc_empty_space][\/vc_column][\/vc_row]<\/p>\n<\/div>","protected":false},"excerpt":{"rendered":"<p>[vc_row css=&#8220;.vc_custom_1551363089771{margin-top: 5% !important;margin-bottom: 5% !important;}&#8220;][vc_column][vc_column_text]Mit Armenian Wildlife Tours (AWT) k\u00f6nnen Sie die einzigartige Artenvielfalt Armeniens erkunden. Mit Ihrer Teilnahme an unseren Touren unterst\u00fctzen Sie die Bem\u00fchungen der Foundation for the Preservation of Wildlife and Cultural Assets\u00a0 (FPWC) zum Schutz von Wildtieren und ihren Lebensr\u00e4umen. AWT organisiert \u00d6ko-Touren, die auf die Nahebringung der lokalen Flora&hellip;<\/p>\n","protected":false},"author":5,"featured_media":3113,"parent":0,"menu_order":0,"comment_status":"closed","ping_status":"closed","template":"","meta":{"_acf_changed":false,"footnotes":""},"categories":[],"tags":[],"class_list":["post-2873","page","type-page","status-publish","has-post-thumbnail","hentry"],"acf":[],"yoast_head":"<!-- This site is optimized with the Yoast SEO plugin v27.1.1 - https:\/\/yoast.com\/product\/yoast-seo-wordpress\/ -->\n<title>Armenian wildlife tours - SET<\/title>\n<meta name=\"robots\" content=\"index, follow, max-snippet:-1, max-image-preview:large, max-video-preview:-1\" \/>\n<link rel=\"canonical\" href=\"https:\/\/set.am\/de\/awt\/\" \/>\n<meta property=\"og:locale\" content=\"de_DE\" \/>\n<meta property=\"og:type\" content=\"article\" \/>\n<meta property=\"og:title\" content=\"Armenian wildlife tours - SET\" \/>\n<meta property=\"og:description\" content=\"[vc_row css=&#8220;.vc_custom_1551363089771{margin-top: 5% !important;margin-bottom: 5% !important;}&#8220;][vc_column][vc_column_text]Mit Armenian Wildlife Tours (AWT) k\u00f6nnen Sie die einzigartige Artenvielfalt Armeniens erkunden. Mit Ihrer Teilnahme an unseren Touren unterst\u00fctzen Sie die Bem\u00fchungen der Foundation for the Preservation of Wildlife and Cultural Assets\u00a0 (FPWC) zum Schutz von Wildtieren und ihren Lebensr\u00e4umen. AWT organisiert \u00d6ko-Touren, die auf die Nahebringung der lokalen Flora&hellip;\" \/>\n<meta property=\"og:url\" content=\"https:\/\/set.am\/de\/awt\/\" \/>\n<meta property=\"og:site_name\" content=\"SET\" \/>\n<meta property=\"article:publisher\" content=\"https:\/\/www.facebook.com\/SET.SunChild.EcoTours\" \/>\n<meta property=\"article:modified_time\" content=\"2024-07-04T17:43:22+00:00\" \/>\n<meta property=\"og:image\" content=\"https:\/\/set.am\/wp-content\/uploads\/2017\/06\/birdwaching4.jpg\" \/>\n\t<meta property=\"og:image:width\" content=\"1200\" \/>\n\t<meta property=\"og:image:height\" content=\"900\" \/>\n\t<meta property=\"og:image:type\" content=\"image\/jpeg\" \/>\n<meta name=\"twitter:card\" content=\"summary_large_image\" \/>\n<meta name=\"twitter:label1\" content=\"Gesch\u00e4tzte Lesezeit\" \/>\n\t<meta name=\"twitter:data1\" content=\"2\u00a0Minuten\" \/>\n<script type=\"application\/ld+json\" class=\"yoast-schema-graph\">{\"@context\":\"https:\/\/schema.org\",\"@graph\":[{\"@type\":\"WebPage\",\"@id\":\"https:\/\/set.am\/de\/awt\/\",\"url\":\"https:\/\/set.am\/de\/awt\/\",\"name\":\"Armenian wildlife tours - SET\",\"isPartOf\":{\"@id\":\"https:\/\/set.am\/de\/#website\"},\"primaryImageOfPage\":{\"@id\":\"https:\/\/set.am\/de\/awt\/#primaryimage\"},\"image\":{\"@id\":\"https:\/\/set.am\/de\/awt\/#primaryimage\"},\"thumbnailUrl\":\"https:\/\/set.am\/wp-content\/uploads\/2017\/06\/birdwaching4.jpg\",\"datePublished\":\"2019-02-18T10:10:05+00:00\",\"dateModified\":\"2024-07-04T17:43:22+00:00\",\"breadcrumb\":{\"@id\":\"https:\/\/set.am\/de\/awt\/#breadcrumb\"},\"inLanguage\":\"de\",\"potentialAction\":[{\"@type\":\"ReadAction\",\"target\":[[\"https:\/\/set.am\/de\/awt\/\"]]}]},{\"@type\":\"ImageObject\",\"inLanguage\":\"de\",\"@id\":\"https:\/\/set.am\/de\/awt\/#primaryimage\",\"url\":\"https:\/\/set.am\/wp-content\/uploads\/2017\/06\/birdwaching4.jpg\",\"contentUrl\":\"https:\/\/set.am\/wp-content\/uploads\/2017\/06\/birdwaching4.jpg\",\"width\":1200,\"height\":900},{\"@type\":\"BreadcrumbList\",\"@id\":\"https:\/\/set.am\/de\/awt\/#breadcrumb\",\"itemListElement\":[{\"@type\":\"ListItem\",\"position\":1,\"name\":\"\u0413\u043b\u0430\u0432\u043d\u0430\u044f \u0441\u0442\u0440\u0430\u043d\u0438\u0446\u0430\",\"item\":\"https:\/\/set.am\/de\/\"},{\"@type\":\"ListItem\",\"position\":2,\"name\":\"Armenian wildlife tours\"}]},{\"@type\":\"WebSite\",\"@id\":\"https:\/\/set.am\/de\/#website\",\"url\":\"https:\/\/set.am\/de\/\",\"name\":\"SET\",\"description\":\"SunChild Eco tours\",\"publisher\":{\"@id\":\"https:\/\/set.am\/de\/#organization\"},\"potentialAction\":[{\"@type\":\"SearchAction\",\"target\":{\"@type\":\"EntryPoint\",\"urlTemplate\":\"https:\/\/set.am\/de\/?s={search_term_string}\"},\"query-input\":{\"@type\":\"PropertyValueSpecification\",\"valueRequired\":true,\"valueName\":\"search_term_string\"}}],\"inLanguage\":\"de\"},{\"@type\":\"Organization\",\"@id\":\"https:\/\/set.am\/de\/#organization\",\"name\":\"SET\",\"url\":\"https:\/\/set.am\/de\/\",\"logo\":{\"@type\":\"ImageObject\",\"inLanguage\":\"de\",\"@id\":\"https:\/\/set.am\/de\/#\/schema\/logo\/image\/\",\"url\":\"https:\/\/set.am\/wp-content\/uploads\/2025\/04\/set.webp\",\"contentUrl\":\"https:\/\/set.am\/wp-content\/uploads\/2025\/04\/set.webp\",\"width\":220,\"height\":181,\"caption\":\"SET\"},\"image\":{\"@id\":\"https:\/\/set.am\/de\/#\/schema\/logo\/image\/\"},\"sameAs\":[\"https:\/\/www.facebook.com\/SET.SunChild.EcoTours\"]}]}<\/script>\n<!-- \/ Yoast SEO plugin. -->","yoast_head_json":{"title":"Armenian wildlife tours - SET","robots":{"index":"index","follow":"follow","max-snippet":"max-snippet:-1","max-image-preview":"max-image-preview:large","max-video-preview":"max-video-preview:-1"},"canonical":"https:\/\/set.am\/de\/awt\/","og_locale":"de_DE","og_type":"article","og_title":"Armenian wildlife tours - SET","og_description":"[vc_row css=&#8220;.vc_custom_1551363089771{margin-top: 5% !important;margin-bottom: 5% !important;}&#8220;][vc_column][vc_column_text]Mit Armenian Wildlife Tours (AWT) k\u00f6nnen Sie die einzigartige Artenvielfalt Armeniens erkunden. Mit Ihrer Teilnahme an unseren Touren unterst\u00fctzen Sie die Bem\u00fchungen der Foundation for the Preservation of Wildlife and Cultural Assets\u00a0 (FPWC) zum Schutz von Wildtieren und ihren Lebensr\u00e4umen. AWT organisiert \u00d6ko-Touren, die auf die Nahebringung der lokalen Flora&hellip;","og_url":"https:\/\/set.am\/de\/awt\/","og_site_name":"SET","article_publisher":"https:\/\/www.facebook.com\/SET.SunChild.EcoTours","article_modified_time":"2024-07-04T17:43:22+00:00","og_image":[{"width":1200,"height":900,"url":"https:\/\/set.am\/wp-content\/uploads\/2017\/06\/birdwaching4.jpg","type":"image\/jpeg"}],"twitter_card":"summary_large_image","twitter_misc":{"Gesch\u00e4tzte Lesezeit":"2\u00a0Minuten"},"schema":{"@context":"https:\/\/schema.org","@graph":[{"@type":"WebPage","@id":"https:\/\/set.am\/de\/awt\/","url":"https:\/\/set.am\/de\/awt\/","name":"Armenian wildlife tours - SET","isPartOf":{"@id":"https:\/\/set.am\/de\/#website"},"primaryImageOfPage":{"@id":"https:\/\/set.am\/de\/awt\/#primaryimage"},"image":{"@id":"https:\/\/set.am\/de\/awt\/#primaryimage"},"thumbnailUrl":"https:\/\/set.am\/wp-content\/uploads\/2017\/06\/birdwaching4.jpg","datePublished":"2019-02-18T10:10:05+00:00","dateModified":"2024-07-04T17:43:22+00:00","breadcrumb":{"@id":"https:\/\/set.am\/de\/awt\/#breadcrumb"},"inLanguage":"de","potentialAction":[{"@type":"ReadAction","target":[["https:\/\/set.am\/de\/awt\/"]]}]},{"@type":"ImageObject","inLanguage":"de","@id":"https:\/\/set.am\/de\/awt\/#primaryimage","url":"https:\/\/set.am\/wp-content\/uploads\/2017\/06\/birdwaching4.jpg","contentUrl":"https:\/\/set.am\/wp-content\/uploads\/2017\/06\/birdwaching4.jpg","width":1200,"height":900},{"@type":"BreadcrumbList","@id":"https:\/\/set.am\/de\/awt\/#breadcrumb","itemListElement":[{"@type":"ListItem","position":1,"name":"\u0413\u043b\u0430\u0432\u043d\u0430\u044f \u0441\u0442\u0440\u0430\u043d\u0438\u0446\u0430","item":"https:\/\/set.am\/de\/"},{"@type":"ListItem","position":2,"name":"Armenian wildlife tours"}]},{"@type":"WebSite","@id":"https:\/\/set.am\/de\/#website","url":"https:\/\/set.am\/de\/","name":"SET","description":"SunChild Eco tours","publisher":{"@id":"https:\/\/set.am\/de\/#organization"},"potentialAction":[{"@type":"SearchAction","target":{"@type":"EntryPoint","urlTemplate":"https:\/\/set.am\/de\/?s={search_term_string}"},"query-input":{"@type":"PropertyValueSpecification","valueRequired":true,"valueName":"search_term_string"}}],"inLanguage":"de"},{"@type":"Organization","@id":"https:\/\/set.am\/de\/#organization","name":"SET","url":"https:\/\/set.am\/de\/","logo":{"@type":"ImageObject","inLanguage":"de","@id":"https:\/\/set.am\/de\/#\/schema\/logo\/image\/","url":"https:\/\/set.am\/wp-content\/uploads\/2025\/04\/set.webp","contentUrl":"https:\/\/set.am\/wp-content\/uploads\/2025\/04\/set.webp","width":220,"height":181,"caption":"SET"},"image":{"@id":"https:\/\/set.am\/de\/#\/schema\/logo\/image\/"},"sameAs":["https:\/\/www.facebook.com\/SET.SunChild.EcoTours"]}]}},"_links":{"self":[{"href":"https:\/\/set.am\/de\/wp-json\/wp\/v2\/pages\/2873","targetHints":{"allow":["GET"]}}],"collection":[{"href":"https:\/\/set.am\/de\/wp-json\/wp\/v2\/pages"}],"about":[{"href":"https:\/\/set.am\/de\/wp-json\/wp\/v2\/types\/page"}],"author":[{"embeddable":true,"href":"https:\/\/set.am\/de\/wp-json\/wp\/v2\/users\/5"}],"replies":[{"embeddable":true,"href":"https:\/\/set.am\/de\/wp-json\/wp\/v2\/comments?post=2873"}],"version-history":[{"count":1,"href":"https:\/\/set.am\/de\/wp-json\/wp\/v2\/pages\/2873\/revisions"}],"predecessor-version":[{"id":3833,"href":"https:\/\/set.am\/de\/wp-json\/wp\/v2\/pages\/2873\/revisions\/3833"}],"wp:featuredmedia":[{"embeddable":true,"href":"https:\/\/set.am\/de\/wp-json\/wp\/v2\/media\/3113"}],"wp:attachment":[{"href":"https:\/\/set.am\/de\/wp-json\/wp\/v2\/media?parent=2873"}],"wp:term":[{"taxonomy":"category","embeddable":true,"href":"https:\/\/set.am\/de\/wp-json\/wp\/v2\/categories?post=2873"},{"taxonomy":"post_tag","embeddable":true,"href":"https:\/\/set.am\/de\/wp-json\/wp\/v2\/tags?post=2873"}],"curies":[{"name":"wp","href":"https:\/\/api.w.org\/{rel}","templated":true}]}}