{"id":189,"date":"2015-07-21T06:59:23","date_gmt":"2015-07-21T06:59:23","guid":{"rendered":"https:\/\/set.am\/?page_id=189"},"modified":"2024-04-11T19:46:05","modified_gmt":"2024-04-11T19:46:05","slug":"about-us","status":"publish","type":"page","link":"https:\/\/set.am\/de\/about-us\/","title":{"rendered":"\u00dcber Uns"},"content":{"rendered":"<div class=\"wpb-content-wrapper\"><p><\/p>\n<p>[vc_row][vc_column width=&#8220;1\/2&#8243;][vc_column_text el_class=&#8220;text-block&#8220;]<\/p>\n<p class=\"Standard\"><span lang=\"DE\" style=\"font-family: 'Arial',sans-serif;\">Wer ist beteiligt?<\/span><\/p>\n<p class=\"Standard\"><span lang=\"DE\" style=\"font-family: 'Arial',sans-serif;\">Sie, ein Reisender nach Armenien. Sie sind bereit, eine Erfahrung zu machen, die Sie nirgendwo anders finden werden, sich in der Natur zu regenerieren und zu den Orten beizutragen, die Sie besuchen.<\/span><\/p>\n<p class=\"Standard\"><span lang=\"DE\" style=\"font-family: 'Arial',sans-serif;\">L\u00e4ndlich lebende Armenier. Pfiffig und farbenfroh, leben l\u00e4ndliche Armenier inmitten der Natur, die unser Volk seit 6000 Jahren st\u00e4rkt. Aber in einer r\u00fcckl\u00e4ufigen Wirtschaft und mit d\u00fcsteren Zukunftsaussichten ziehen viele Einheimische in neue L\u00e4nder.<\/span><\/p>\n<p class=\"Standard\"><span lang=\"DE\" style=\"font-family: 'Arial',sans-serif;\">Armenische Natur. Wir sind klein und schwer zu erreichen, trotzdem haben wir aber f\u00fcnf einzigartige Vegetationszonen, 3500 Pflanzenarten, 316 endemische Tiere, 349 Vogelarten und 300 gef\u00e4hrdete Tierarten wie den kaukasischen Leoparden und den armenischen Mufflon. Conservation International hat uns zu einem Hotspot der biologischen Vielfalt unserer Welt erkl\u00e4rt, aber menschliche Aktivit\u00e4ten und der Klimawandel bedrohen diese Natursch\u00e4tze.<\/span><\/p>\n<p class=\"Standard\"><span lang=\"DE\" style=\"font-family: 'Arial',sans-serif;\">Wir, SunChild EcoTours und unsere Mutterorganisation, die Foundation for the Preservation of Wildlife and Culture (FPWC). Die FPWC arbeitet mit armenischer Landbev\u00f6lkerung, Studenten und politischen Entscheidungstr\u00e4gern zusammen, um ein respektvolles Verh\u00e4ltnis zwischen Menschen, Natur und kulturellem Erbe aufzubauen, w\u00e4hrend das Caucasus Wildlife Refuge (CWR) verwaltet werden. Die FPWC gr\u00fcndete SunChild EcoTours, um Touristen in unsere Bewegung einzubeziehen, wirtschaftliche M\u00f6glichkeiten f\u00fcr l\u00e4ndlich lebende Armenier zu schaffen und eine faire und nachhaltige Tourismusnische in Armenien aufzubauen.<\/span><\/p>\n<p>[\/vc_column_text][\/vc_column][vc_column width=&#8220;1\/2&#8243;][vc_single_image image=&#8220;2723&#8243; img_size=&#8220;full&#8220;][\/vc_column][\/vc_row][vc_row][vc_column][vc_empty_space][\/vc_column][vc_column width=&#8220;1\/2&#8243;][vc_single_image image=&#8220;2725&#8243; img_size=&#8220;full&#8220;][\/vc_column][vc_column width=&#8220;1\/2&#8243;][vc_column_text el_class=&#8220;text-block&#8220;]Was macht SunChild f\u00fcr Sie und Armenien?<\/p>\n<p>Wir hei\u00dfen SunChild, weil die Beziehung unserer Vorfahren zur Sonne ihre wichtigste Verbindung zur nat\u00fcrlichen Welt war. Als ihre Kinder und Kinder der Sonne beleuchten wir Armeniens Sch\u00e4tze f\u00fcr Besucher, beleuchten die Bedrohungen f\u00fcr unsere Natur und die Landbev\u00f6lkerung und zeigen einen Weg zu einer besseren Lebensweise.<\/p>\n<p>Bei uns werden Ihre H\u00e4nde von reifen Maulbeeren und Aprikosen klebrig. Sie werden frischen Bergthymian sammeln und Ihren eigenen armenischen Tee zubereiten. Sie werden talentierte K\u00fcnstler besuchen, in Seen schwimmen, zum Klang der Duduk meditieren, an Bauerntischen essen, Berge erklimmen, zur armenischen Zurna\u00a0 tanzen und antike Ruinen entdecken.<\/p>\n<p>&nbsp;<\/p>\n<p>Sie werden bei einladenden Gastgebern in komfortablen, sauberen Unterk\u00fcnften \u00fcbernachten und authentische armenische Gerichte genie\u00dfen, welche direkt vom Land stammen. Sie werden Erfahrungen sammeln, die an keinem anderen Ort gefunden werden k\u00f6nnen, w\u00e4hrend Sie direkt die armenischen Lebensgrundlagen und den Naturschutz unterst\u00fctzen.<\/p>\n<p>10% unserer Tourenkosten flie\u00dfen direkt in FPWC-Entwicklungsprojekte in der Provinz Ararat und das Caucasus Wildlife Refuge (CWR). Fast unser gesamtes Essen stammt von l\u00e4ndlich lebenden Armeniern, und fast alle Unterk\u00fcnfte werden von Dorfbewohnern mit wenigen anderen Einkommensquellen zur Verf\u00fcgung gestellt.[\/vc_column_text][\/vc_column][\/vc_row][vc_row][vc_column][vc_empty_space][\/vc_column][vc_column width=&#8220;1\/2&#8243;][vc_column_text el_class=&#8220;text-block&#8220;]Was werde ich in Armenien mit SunChild EcoTours machen?<\/p>\n<p>Mit uns werden Sie Abenteuer erleben, sich regenerieren und gleichzeitig Armenien unterst\u00fctzen, indem Sie eine der folgenden Optionen w\u00e4hlen:<\/p>\n<ul>\n<li>Individuelle Touren und R\u00fcckz\u00fcge &#8211; gerne organisieren wir f\u00fcr Sie eine unvergessliche Reise, bei der Ihre speziellen Interessen im Mittelpunkt stehen. Gerne begr\u00fc\u00dfen wir Sie auch in unserer Lodge im Caucasus Wildlife Refuge (CWR) zum Entspannen, Wandern, Yoga, Reiten, armenischen Grillen und f\u00fcr andere Aktivit\u00e4ten f\u00fcr Sie, Ihre Freunde und Familie.<\/li>\n<li>Verborgene Sch\u00e4tze &#8211; Wir sind K\u00fcnstler, Natursch\u00fctzer und Historiker und kennen die verborgenen Ph\u00e4nomene Armeniens. Wir m\u00f6chten Sie gerne unter die Oberfl\u00e4che bringen zu den \u00f6ffentlichen Wasserspendern von Jerewan, den \u00dcberresten der Sowjetzeit Armeniens, geheimen, unglaublichen K\u00fcnstlern und Musikern und anderen Orten, Leuten und Geschichten, die herk\u00f6mmliche Touren nicht anbieten.<\/li>\n<li>Naturausfl\u00fcge &#8211; mit dem Pferd, Jeep, Fahrrad oder zu Fu\u00df erleben Sie das Beste aus dem \u00f6kologischen Reichtum Armeniens. Wenn Sie Vogelbeobachter sind, stellen wir sicher, dass Sie so viele der 349 armenischen Vogelarten wie m\u00f6glich sehen.<\/li>\n<\/ul>\n<p>[\/vc_column_text][\/vc_column][vc_column width=&#8220;1\/2&#8243;][vc_single_image image=&#8220;2726&#8243; img_size=&#8220;full&#8220;][\/vc_column][\/vc_row][vc_row][vc_column][vc_empty_space][\/vc_column][\/vc_row][vc_row content_placement=&#8220;middle&#8220; disable_element=&#8220;yes&#8220;][vc_column][vc_column_text]<\/p>\n<p>[\/vc_column_text][\/vc_column][\/vc_row]<\/p>\n<p><\/p>\n<\/div>","protected":false},"excerpt":{"rendered":"<p>[vc_row][vc_column width=&#8220;1\/2&#8243;][vc_column_text el_class=&#8220;text-block&#8220;] Wer ist beteiligt? Sie, ein Reisender nach Armenien. Sie sind bereit, eine Erfahrung zu machen, die Sie nirgendwo anders finden werden, sich in der Natur zu regenerieren und zu den Orten beizutragen, die Sie besuchen. L\u00e4ndlich lebende Armenier. Pfiffig und farbenfroh, leben l\u00e4ndliche Armenier inmitten der Natur, die unser Volk seit 6000&hellip;<\/p>\n","protected":false},"author":5,"featured_media":0,"parent":0,"menu_order":0,"comment_status":"closed","ping_status":"closed","template":"","meta":{"_acf_changed":false,"footnotes":""},"categories":[],"tags":[],"class_list":["post-189","page","type-page","status-publish","hentry"],"acf":[],"yoast_head":"<!-- This site is optimized with the Yoast SEO plugin v27.1.1 - https:\/\/yoast.com\/product\/yoast-seo-wordpress\/ -->\n<title>\u00dcber Uns - SET<\/title>\n<meta name=\"robots\" content=\"index, follow, max-snippet:-1, max-image-preview:large, max-video-preview:-1\" \/>\n<link rel=\"canonical\" href=\"https:\/\/set.am\/de\/about-us\/\" \/>\n<meta property=\"og:locale\" content=\"de_DE\" \/>\n<meta property=\"og:type\" content=\"article\" \/>\n<meta property=\"og:title\" content=\"\u00dcber Uns - SET\" \/>\n<meta property=\"og:description\" content=\"[vc_row][vc_column width=&#8220;1\/2&#8243;][vc_column_text el_class=&#8220;text-block&#8220;] Wer ist beteiligt? Sie, ein Reisender nach Armenien. Sie sind bereit, eine Erfahrung zu machen, die Sie nirgendwo anders finden werden, sich in der Natur zu regenerieren und zu den Orten beizutragen, die Sie besuchen. L\u00e4ndlich lebende Armenier. Pfiffig und farbenfroh, leben l\u00e4ndliche Armenier inmitten der Natur, die unser Volk seit 6000&hellip;\" \/>\n<meta property=\"og:url\" content=\"https:\/\/set.am\/de\/about-us\/\" \/>\n<meta property=\"og:site_name\" content=\"SET\" \/>\n<meta property=\"article:publisher\" content=\"https:\/\/www.facebook.com\/SET.SunChild.EcoTours\" \/>\n<meta property=\"article:modified_time\" content=\"2024-04-11T19:46:05+00:00\" \/>\n<meta name=\"twitter:card\" content=\"summary_large_image\" \/>\n<meta name=\"twitter:label1\" content=\"Gesch\u00e4tzte Lesezeit\" \/>\n\t<meta name=\"twitter:data1\" content=\"11\u00a0Minuten\" \/>\n<script type=\"application\/ld+json\" class=\"yoast-schema-graph\">{\"@context\":\"https:\/\/schema.org\",\"@graph\":[{\"@type\":\"WebPage\",\"@id\":\"https:\/\/set.am\/de\/about-us\/\",\"url\":\"https:\/\/set.am\/de\/about-us\/\",\"name\":\"\u00dcber Uns - SET\",\"isPartOf\":{\"@id\":\"https:\/\/set.am\/de\/#website\"},\"datePublished\":\"2015-07-21T06:59:23+00:00\",\"dateModified\":\"2024-04-11T19:46:05+00:00\",\"breadcrumb\":{\"@id\":\"https:\/\/set.am\/de\/about-us\/#breadcrumb\"},\"inLanguage\":\"de\",\"potentialAction\":[{\"@type\":\"ReadAction\",\"target\":[[\"https:\/\/set.am\/de\/about-us\/\"]]}]},{\"@type\":\"BreadcrumbList\",\"@id\":\"https:\/\/set.am\/de\/about-us\/#breadcrumb\",\"itemListElement\":[{\"@type\":\"ListItem\",\"position\":1,\"name\":\"\u0413\u043b\u0430\u0432\u043d\u0430\u044f \u0441\u0442\u0440\u0430\u043d\u0438\u0446\u0430\",\"item\":\"https:\/\/set.am\/de\/\"},{\"@type\":\"ListItem\",\"position\":2,\"name\":\"About Us\"}]},{\"@type\":\"WebSite\",\"@id\":\"https:\/\/set.am\/de\/#website\",\"url\":\"https:\/\/set.am\/de\/\",\"name\":\"SET\",\"description\":\"SunChild Eco tours\",\"publisher\":{\"@id\":\"https:\/\/set.am\/de\/#organization\"},\"potentialAction\":[{\"@type\":\"SearchAction\",\"target\":{\"@type\":\"EntryPoint\",\"urlTemplate\":\"https:\/\/set.am\/de\/?s={search_term_string}\"},\"query-input\":{\"@type\":\"PropertyValueSpecification\",\"valueRequired\":true,\"valueName\":\"search_term_string\"}}],\"inLanguage\":\"de\"},{\"@type\":\"Organization\",\"@id\":\"https:\/\/set.am\/de\/#organization\",\"name\":\"SET\",\"url\":\"https:\/\/set.am\/de\/\",\"logo\":{\"@type\":\"ImageObject\",\"inLanguage\":\"de\",\"@id\":\"https:\/\/set.am\/de\/#\/schema\/logo\/image\/\",\"url\":\"https:\/\/set.am\/wp-content\/uploads\/2025\/04\/set.webp\",\"contentUrl\":\"https:\/\/set.am\/wp-content\/uploads\/2025\/04\/set.webp\",\"width\":220,\"height\":181,\"caption\":\"SET\"},\"image\":{\"@id\":\"https:\/\/set.am\/de\/#\/schema\/logo\/image\/\"},\"sameAs\":[\"https:\/\/www.facebook.com\/SET.SunChild.EcoTours\"]}]}<\/script>\n<!-- \/ Yoast SEO plugin. -->","yoast_head_json":{"title":"\u00dcber Uns - SET","robots":{"index":"index","follow":"follow","max-snippet":"max-snippet:-1","max-image-preview":"max-image-preview:large","max-video-preview":"max-video-preview:-1"},"canonical":"https:\/\/set.am\/de\/about-us\/","og_locale":"de_DE","og_type":"article","og_title":"\u00dcber Uns - SET","og_description":"[vc_row][vc_column width=&#8220;1\/2&#8243;][vc_column_text el_class=&#8220;text-block&#8220;] Wer ist beteiligt? Sie, ein Reisender nach Armenien. Sie sind bereit, eine Erfahrung zu machen, die Sie nirgendwo anders finden werden, sich in der Natur zu regenerieren und zu den Orten beizutragen, die Sie besuchen. L\u00e4ndlich lebende Armenier. Pfiffig und farbenfroh, leben l\u00e4ndliche Armenier inmitten der Natur, die unser Volk seit 6000&hellip;","og_url":"https:\/\/set.am\/de\/about-us\/","og_site_name":"SET","article_publisher":"https:\/\/www.facebook.com\/SET.SunChild.EcoTours","article_modified_time":"2024-04-11T19:46:05+00:00","twitter_card":"summary_large_image","twitter_misc":{"Gesch\u00e4tzte Lesezeit":"11\u00a0Minuten"},"schema":{"@context":"https:\/\/schema.org","@graph":[{"@type":"WebPage","@id":"https:\/\/set.am\/de\/about-us\/","url":"https:\/\/set.am\/de\/about-us\/","name":"\u00dcber Uns - SET","isPartOf":{"@id":"https:\/\/set.am\/de\/#website"},"datePublished":"2015-07-21T06:59:23+00:00","dateModified":"2024-04-11T19:46:05+00:00","breadcrumb":{"@id":"https:\/\/set.am\/de\/about-us\/#breadcrumb"},"inLanguage":"de","potentialAction":[{"@type":"ReadAction","target":[["https:\/\/set.am\/de\/about-us\/"]]}]},{"@type":"BreadcrumbList","@id":"https:\/\/set.am\/de\/about-us\/#breadcrumb","itemListElement":[{"@type":"ListItem","position":1,"name":"\u0413\u043b\u0430\u0432\u043d\u0430\u044f \u0441\u0442\u0440\u0430\u043d\u0438\u0446\u0430","item":"https:\/\/set.am\/de\/"},{"@type":"ListItem","position":2,"name":"About Us"}]},{"@type":"WebSite","@id":"https:\/\/set.am\/de\/#website","url":"https:\/\/set.am\/de\/","name":"SET","description":"SunChild Eco tours","publisher":{"@id":"https:\/\/set.am\/de\/#organization"},"potentialAction":[{"@type":"SearchAction","target":{"@type":"EntryPoint","urlTemplate":"https:\/\/set.am\/de\/?s={search_term_string}"},"query-input":{"@type":"PropertyValueSpecification","valueRequired":true,"valueName":"search_term_string"}}],"inLanguage":"de"},{"@type":"Organization","@id":"https:\/\/set.am\/de\/#organization","name":"SET","url":"https:\/\/set.am\/de\/","logo":{"@type":"ImageObject","inLanguage":"de","@id":"https:\/\/set.am\/de\/#\/schema\/logo\/image\/","url":"https:\/\/set.am\/wp-content\/uploads\/2025\/04\/set.webp","contentUrl":"https:\/\/set.am\/wp-content\/uploads\/2025\/04\/set.webp","width":220,"height":181,"caption":"SET"},"image":{"@id":"https:\/\/set.am\/de\/#\/schema\/logo\/image\/"},"sameAs":["https:\/\/www.facebook.com\/SET.SunChild.EcoTours"]}]}},"_links":{"self":[{"href":"https:\/\/set.am\/de\/wp-json\/wp\/v2\/pages\/189","targetHints":{"allow":["GET"]}}],"collection":[{"href":"https:\/\/set.am\/de\/wp-json\/wp\/v2\/pages"}],"about":[{"href":"https:\/\/set.am\/de\/wp-json\/wp\/v2\/types\/page"}],"author":[{"embeddable":true,"href":"https:\/\/set.am\/de\/wp-json\/wp\/v2\/users\/5"}],"replies":[{"embeddable":true,"href":"https:\/\/set.am\/de\/wp-json\/wp\/v2\/comments?post=189"}],"version-history":[{"count":0,"href":"https:\/\/set.am\/de\/wp-json\/wp\/v2\/pages\/189\/revisions"}],"wp:attachment":[{"href":"https:\/\/set.am\/de\/wp-json\/wp\/v2\/media?parent=189"}],"wp:term":[{"taxonomy":"category","embeddable":true,"href":"https:\/\/set.am\/de\/wp-json\/wp\/v2\/categories?post=189"},{"taxonomy":"post_tag","embeddable":true,"href":"https:\/\/set.am\/de\/wp-json\/wp\/v2\/tags?post=189"}],"curies":[{"name":"wp","href":"https:\/\/api.w.org\/{rel}","templated":true}]}}