{"id":1380,"date":"2016-06-09T15:42:45","date_gmt":"2016-06-09T15:42:45","guid":{"rendered":"https:\/\/set.am\/?page_id=1380"},"modified":"2026-03-26T05:23:45","modified_gmt":"2026-03-26T05:23:45","slug":"accommodations-old","status":"publish","type":"page","link":"https:\/\/set.am\/de\/accommodations-old\/","title":{"rendered":"Unterbringung"},"content":{"rendered":"<div class=\"wpb-content-wrapper\"><p><\/p>\n<p>[vc_row][vc_column][vc_column_text]<\/p>\n<p class=\"Standard\"><span lang=\"DE\" style=\"font-family: 'Arial',sans-serif;\">Die Eco Lodge im Caucasus Wildlife Refuge ist ein gr\u00fcnes Geb\u00e4ude aus recycelten Containern, wird mit Solarenergie betrieben und das Abwasser des Geb\u00e4udes wird mit einem eigenen umweltfreundlichen Wassersystem behandelt.<\/span><\/p>\n<p class=\"Standard\"><span lang=\"DE\" style=\"font-family: 'Arial',sans-serif;\">Das Dorf Urtsadzor, welches an das CWR angrenzt, hat ein gro\u00dfes Problem mit der Auswanderung junger Menschen, die Arbeit im Ausland suchen. FPWC implementierte das Bed &amp; Breakfast-Projekt in Urtsadzor im Jahr 2014 mit dem Ziel, den Dorfbewohnern Besch\u00e4ftigungsm\u00f6glichkeiten durch verantwortungsvollen \u00d6kotourismus zu bieten und den Naturschutz in Armenien zu verbessern.<\/span><\/p>\n<p class=\"Standard\"><span lang=\"DE\" style=\"font-family: 'Arial',sans-serif;\">Sozial benachteiligte alleinerziehende M\u00fctter und Frauen in benachteiligten Lebenslagen wurden besonders ermutigt und unterst\u00fctzt, B&amp;B-Gastgeber zu werden. Durch die Unterhaltung eines B&amp;B k\u00f6nnen sie bef\u00e4higt werden, ihren sozialen Status sowie ihre Lebensbedingungen zu verbessern.<\/span><\/p>\n<p class=\"Standard\"><span lang=\"DE\" style=\"font-family: 'Arial',sans-serif;\">Die Gastgeber erhalten Schulungen in englischer Sprache und Gastfreundschaft, um auf die Aufnahme ausl\u00e4ndischer Touristen vorbereitet zu werden . Ihre H\u00e4user (Badezimmer, Schlafzimmer und teilweise Flure) wurden renoviert und mit Sonnenkollektoren ausgestattet, um ihre H\u00e4user mit hei\u00dfem Wasser zu versorgen.<\/span><\/p>\n<p class=\"Standard\"><span lang=\"DE\" style=\"font-family: 'Arial',sans-serif;\">Derzeit gibt es in Urtsadzor drei aktive B&amp;B, die es den Gastfamilien erm\u00f6glichen, zus\u00e4tzliches Einkommen zu generieren.<\/span><\/p>\n<p class=\"Standard\"><span lang=\"DE\" style=\"font-family: 'Arial',sans-serif;\">Die Einnahmen aus den B&amp;B und der Eco Lodge werden von FPWC in den Natur- und Tierschutz investiert.<\/span><\/p>\n<p>[\/vc_column_text][lab_portfolio_items category_filter=&#8220;no&#8220; portfolio_type=&#8220;type-2&#8243; columns=&#8220;3&#8243; portfolio_query=&#8220;size:4|order_by:date|order:ASC|post_type:,portfolio|by_id:2891,2598,3138&#8243;][\/vc_column][\/vc_row]<\/p>\n<p><\/p>\n<\/div>","protected":false},"excerpt":{"rendered":"<p>[vc_row][vc_column][vc_column_text] Die Eco Lodge im Caucasus Wildlife Refuge ist ein gr\u00fcnes Geb\u00e4ude aus recycelten Containern, wird mit Solarenergie betrieben und das Abwasser des Geb\u00e4udes wird mit einem eigenen umweltfreundlichen Wassersystem behandelt. Das Dorf Urtsadzor, welches an das CWR angrenzt, hat ein gro\u00dfes Problem mit der Auswanderung junger Menschen, die Arbeit im Ausland suchen. FPWC implementierte&hellip;<\/p>\n","protected":false},"author":5,"featured_media":0,"parent":0,"menu_order":0,"comment_status":"closed","ping_status":"closed","template":"","meta":{"_acf_changed":false,"footnotes":""},"categories":[],"tags":[],"class_list":["post-1380","page","type-page","status-publish","hentry"],"acf":[],"yoast_head":"<!-- This site is optimized with the Yoast SEO plugin v27.1.1 - https:\/\/yoast.com\/product\/yoast-seo-wordpress\/ -->\n<title>Unterbringung - SET<\/title>\n<meta name=\"robots\" content=\"index, follow, max-snippet:-1, max-image-preview:large, max-video-preview:-1\" \/>\n<link rel=\"canonical\" href=\"https:\/\/set.am\/de\/accommodations-old\/\" \/>\n<meta property=\"og:locale\" content=\"de_DE\" \/>\n<meta property=\"og:type\" content=\"article\" \/>\n<meta property=\"og:title\" content=\"Unterbringung - SET\" \/>\n<meta property=\"og:description\" content=\"[vc_row][vc_column][vc_column_text] Die Eco Lodge im Caucasus Wildlife Refuge ist ein gr\u00fcnes Geb\u00e4ude aus recycelten Containern, wird mit Solarenergie betrieben und das Abwasser des Geb\u00e4udes wird mit einem eigenen umweltfreundlichen Wassersystem behandelt. Das Dorf Urtsadzor, welches an das CWR angrenzt, hat ein gro\u00dfes Problem mit der Auswanderung junger Menschen, die Arbeit im Ausland suchen. FPWC implementierte&hellip;\" \/>\n<meta property=\"og:url\" content=\"https:\/\/set.am\/de\/accommodations-old\/\" \/>\n<meta property=\"og:site_name\" content=\"SET\" \/>\n<meta property=\"article:publisher\" content=\"https:\/\/www.facebook.com\/SET.SunChild.EcoTours\" \/>\n<meta property=\"article:modified_time\" content=\"2026-03-26T05:23:45+00:00\" \/>\n<meta name=\"twitter:card\" content=\"summary_large_image\" \/>\n<meta name=\"twitter:label1\" content=\"Gesch\u00e4tzte Lesezeit\" \/>\n\t<meta name=\"twitter:data1\" content=\"1\u00a0Minute\" \/>\n<script type=\"application\/ld+json\" class=\"yoast-schema-graph\">{\"@context\":\"https:\/\/schema.org\",\"@graph\":[{\"@type\":\"WebPage\",\"@id\":\"https:\/\/set.am\/de\/accommodations-old\/\",\"url\":\"https:\/\/set.am\/de\/accommodations-old\/\",\"name\":\"Unterbringung - SET\",\"isPartOf\":{\"@id\":\"https:\/\/set.am\/de\/#website\"},\"datePublished\":\"2016-06-09T15:42:45+00:00\",\"dateModified\":\"2026-03-26T05:23:45+00:00\",\"breadcrumb\":{\"@id\":\"https:\/\/set.am\/de\/accommodations-old\/#breadcrumb\"},\"inLanguage\":\"de\",\"potentialAction\":[{\"@type\":\"ReadAction\",\"target\":[[\"https:\/\/set.am\/de\/accommodations-old\/\"]]}]},{\"@type\":\"BreadcrumbList\",\"@id\":\"https:\/\/set.am\/de\/accommodations-old\/#breadcrumb\",\"itemListElement\":[{\"@type\":\"ListItem\",\"position\":1,\"name\":\"\u0413\u043b\u0430\u0432\u043d\u0430\u044f \u0441\u0442\u0440\u0430\u043d\u0438\u0446\u0430\",\"item\":\"https:\/\/set.am\/de\/\"},{\"@type\":\"ListItem\",\"position\":2,\"name\":\"Accommodation Old\"}]},{\"@type\":\"WebSite\",\"@id\":\"https:\/\/set.am\/de\/#website\",\"url\":\"https:\/\/set.am\/de\/\",\"name\":\"SET\",\"description\":\"SunChild Eco tours\",\"publisher\":{\"@id\":\"https:\/\/set.am\/de\/#organization\"},\"potentialAction\":[{\"@type\":\"SearchAction\",\"target\":{\"@type\":\"EntryPoint\",\"urlTemplate\":\"https:\/\/set.am\/de\/?s={search_term_string}\"},\"query-input\":{\"@type\":\"PropertyValueSpecification\",\"valueRequired\":true,\"valueName\":\"search_term_string\"}}],\"inLanguage\":\"de\"},{\"@type\":\"Organization\",\"@id\":\"https:\/\/set.am\/de\/#organization\",\"name\":\"SET\",\"url\":\"https:\/\/set.am\/de\/\",\"logo\":{\"@type\":\"ImageObject\",\"inLanguage\":\"de\",\"@id\":\"https:\/\/set.am\/de\/#\/schema\/logo\/image\/\",\"url\":\"https:\/\/set.am\/wp-content\/uploads\/2025\/04\/set.webp\",\"contentUrl\":\"https:\/\/set.am\/wp-content\/uploads\/2025\/04\/set.webp\",\"width\":220,\"height\":181,\"caption\":\"SET\"},\"image\":{\"@id\":\"https:\/\/set.am\/de\/#\/schema\/logo\/image\/\"},\"sameAs\":[\"https:\/\/www.facebook.com\/SET.SunChild.EcoTours\"]}]}<\/script>\n<!-- \/ Yoast SEO plugin. -->","yoast_head_json":{"title":"Unterbringung - SET","robots":{"index":"index","follow":"follow","max-snippet":"max-snippet:-1","max-image-preview":"max-image-preview:large","max-video-preview":"max-video-preview:-1"},"canonical":"https:\/\/set.am\/de\/accommodations-old\/","og_locale":"de_DE","og_type":"article","og_title":"Unterbringung - SET","og_description":"[vc_row][vc_column][vc_column_text] Die Eco Lodge im Caucasus Wildlife Refuge ist ein gr\u00fcnes Geb\u00e4ude aus recycelten Containern, wird mit Solarenergie betrieben und das Abwasser des Geb\u00e4udes wird mit einem eigenen umweltfreundlichen Wassersystem behandelt. Das Dorf Urtsadzor, welches an das CWR angrenzt, hat ein gro\u00dfes Problem mit der Auswanderung junger Menschen, die Arbeit im Ausland suchen. FPWC implementierte&hellip;","og_url":"https:\/\/set.am\/de\/accommodations-old\/","og_site_name":"SET","article_publisher":"https:\/\/www.facebook.com\/SET.SunChild.EcoTours","article_modified_time":"2026-03-26T05:23:45+00:00","twitter_card":"summary_large_image","twitter_misc":{"Gesch\u00e4tzte Lesezeit":"1\u00a0Minute"},"schema":{"@context":"https:\/\/schema.org","@graph":[{"@type":"WebPage","@id":"https:\/\/set.am\/de\/accommodations-old\/","url":"https:\/\/set.am\/de\/accommodations-old\/","name":"Unterbringung - SET","isPartOf":{"@id":"https:\/\/set.am\/de\/#website"},"datePublished":"2016-06-09T15:42:45+00:00","dateModified":"2026-03-26T05:23:45+00:00","breadcrumb":{"@id":"https:\/\/set.am\/de\/accommodations-old\/#breadcrumb"},"inLanguage":"de","potentialAction":[{"@type":"ReadAction","target":[["https:\/\/set.am\/de\/accommodations-old\/"]]}]},{"@type":"BreadcrumbList","@id":"https:\/\/set.am\/de\/accommodations-old\/#breadcrumb","itemListElement":[{"@type":"ListItem","position":1,"name":"\u0413\u043b\u0430\u0432\u043d\u0430\u044f \u0441\u0442\u0440\u0430\u043d\u0438\u0446\u0430","item":"https:\/\/set.am\/de\/"},{"@type":"ListItem","position":2,"name":"Accommodation Old"}]},{"@type":"WebSite","@id":"https:\/\/set.am\/de\/#website","url":"https:\/\/set.am\/de\/","name":"SET","description":"SunChild Eco tours","publisher":{"@id":"https:\/\/set.am\/de\/#organization"},"potentialAction":[{"@type":"SearchAction","target":{"@type":"EntryPoint","urlTemplate":"https:\/\/set.am\/de\/?s={search_term_string}"},"query-input":{"@type":"PropertyValueSpecification","valueRequired":true,"valueName":"search_term_string"}}],"inLanguage":"de"},{"@type":"Organization","@id":"https:\/\/set.am\/de\/#organization","name":"SET","url":"https:\/\/set.am\/de\/","logo":{"@type":"ImageObject","inLanguage":"de","@id":"https:\/\/set.am\/de\/#\/schema\/logo\/image\/","url":"https:\/\/set.am\/wp-content\/uploads\/2025\/04\/set.webp","contentUrl":"https:\/\/set.am\/wp-content\/uploads\/2025\/04\/set.webp","width":220,"height":181,"caption":"SET"},"image":{"@id":"https:\/\/set.am\/de\/#\/schema\/logo\/image\/"},"sameAs":["https:\/\/www.facebook.com\/SET.SunChild.EcoTours"]}]}},"_links":{"self":[{"href":"https:\/\/set.am\/de\/wp-json\/wp\/v2\/pages\/1380","targetHints":{"allow":["GET"]}}],"collection":[{"href":"https:\/\/set.am\/de\/wp-json\/wp\/v2\/pages"}],"about":[{"href":"https:\/\/set.am\/de\/wp-json\/wp\/v2\/types\/page"}],"author":[{"embeddable":true,"href":"https:\/\/set.am\/de\/wp-json\/wp\/v2\/users\/5"}],"replies":[{"embeddable":true,"href":"https:\/\/set.am\/de\/wp-json\/wp\/v2\/comments?post=1380"}],"version-history":[{"count":1,"href":"https:\/\/set.am\/de\/wp-json\/wp\/v2\/pages\/1380\/revisions"}],"predecessor-version":[{"id":4470,"href":"https:\/\/set.am\/de\/wp-json\/wp\/v2\/pages\/1380\/revisions\/4470"}],"wp:attachment":[{"href":"https:\/\/set.am\/de\/wp-json\/wp\/v2\/media?parent=1380"}],"wp:term":[{"taxonomy":"category","embeddable":true,"href":"https:\/\/set.am\/de\/wp-json\/wp\/v2\/categories?post=1380"},{"taxonomy":"post_tag","embeddable":true,"href":"https:\/\/set.am\/de\/wp-json\/wp\/v2\/tags?post=1380"}],"curies":[{"name":"wp","href":"https:\/\/api.w.org\/{rel}","templated":true}]}}